{"id":2018,"date":"2023-03-15T11:47:46","date_gmt":"2023-03-15T10:47:46","guid":{"rendered":"https:\/\/www.hotelbarcarola2.it\/hotel-bed-and-backery\/servizi\/"},"modified":"2024-10-11T17:18:52","modified_gmt":"2024-10-11T15:18:52","slug":"dienstleistungen","status":"publish","type":"page","link":"https:\/\/www.hotelbarcarola2.it\/de\/hotel-bed-and-bakery\/dienstleistungen\/","title":{"rendered":"Dienstleistungen"},"content":{"rendered":"\t\t<div data-elementor-type=\"wp-page\" data-elementor-id=\"2018\" class=\"elementor elementor-2018 elementor-1025\">\n\t\t\t\t\t\t<section class=\"elementor-section elementor-top-section elementor-element elementor-element-51f22bc elementor-section-boxed elementor-section-height-default elementor-section-height-default\" data-id=\"51f22bc\" data-element_type=\"section\" data-e-type=\"section\" data-settings=\"{&quot;background_background&quot;:&quot;classic&quot;}\">\n\t\t\t\t\t\t\t<div class=\"elementor-background-overlay\"><\/div>\n\t\t\t\t\t\t\t<div class=\"elementor-container elementor-column-gap-default\">\n\t\t\t\t\t<div class=\"elementor-column elementor-col-100 elementor-top-column elementor-element elementor-element-b9ae3f3\" data-id=\"b9ae3f3\" data-element_type=\"column\" data-e-type=\"column\">\n\t\t\t<div class=\"elementor-widget-wrap elementor-element-populated\">\n\t\t\t\t\t\t<div class=\"elementor-element elementor-element-6e4ffc7 elementor-widget elementor-widget-spacer\" data-id=\"6e4ffc7\" data-element_type=\"widget\" data-e-type=\"widget\" data-widget_type=\"spacer.default\">\n\t\t\t\t<div class=\"elementor-widget-container\">\n\t\t\t\t\t\t\t<div class=\"elementor-spacer\">\n\t\t\t<div class=\"elementor-spacer-inner\"><\/div>\n\t\t<\/div>\n\t\t\t\t\t\t<\/div>\n\t\t\t\t<\/div>\n\t\t\t\t\t<\/div>\n\t\t<\/div>\n\t\t\t\t\t<\/div>\n\t\t<\/section>\n\t\t\t\t<section class=\"elementor-section elementor-top-section elementor-element elementor-element-985b0e4 elementor-section-boxed elementor-section-height-default elementor-section-height-default\" data-id=\"985b0e4\" data-element_type=\"section\" data-e-type=\"section\" data-settings=\"{&quot;background_background&quot;:&quot;classic&quot;}\">\n\t\t\t\t\t\t<div class=\"elementor-container elementor-column-gap-wider\">\n\t\t\t\t\t<div class=\"elementor-column elementor-col-100 elementor-top-column elementor-element elementor-element-acae3f0\" data-id=\"acae3f0\" data-element_type=\"column\" data-e-type=\"column\">\n\t\t\t<div class=\"elementor-widget-wrap elementor-element-populated\">\n\t\t\t\t\t\t<div class=\"elementor-element elementor-element-c5c8cde elementor-widget elementor-widget-heading\" data-id=\"c5c8cde\" data-element_type=\"widget\" data-e-type=\"widget\" data-widget_type=\"heading.default\">\n\t\t\t\t<div class=\"elementor-widget-container\">\n\t\t\t\t\t<h2 class=\"elementor-heading-title elementor-size-default\">Dienstleistungen<\/h2>\t\t\t\t<\/div>\n\t\t\t\t<\/div>\n\t\t\t\t<div class=\"elementor-element elementor-element-d7b1b8e elementor-widget elementor-widget-spacer\" data-id=\"d7b1b8e\" data-element_type=\"widget\" data-e-type=\"widget\" data-widget_type=\"spacer.default\">\n\t\t\t\t<div class=\"elementor-widget-container\">\n\t\t\t\t\t\t\t<div class=\"elementor-spacer\">\n\t\t\t<div class=\"elementor-spacer-inner\"><\/div>\n\t\t<\/div>\n\t\t\t\t\t\t<\/div>\n\t\t\t\t<\/div>\n\t\t\t\t<section class=\"elementor-section elementor-inner-section elementor-element elementor-element-38d6ce2 elementor-section-boxed elementor-section-height-default elementor-section-height-default\" data-id=\"38d6ce2\" data-element_type=\"section\" data-e-type=\"section\">\n\t\t\t\t\t\t<div class=\"elementor-container elementor-column-gap-default\">\n\t\t\t\t\t<div class=\"elementor-column elementor-col-33 elementor-inner-column elementor-element elementor-element-a9359fc\" data-id=\"a9359fc\" data-element_type=\"column\" data-e-type=\"column\">\n\t\t\t<div class=\"elementor-widget-wrap elementor-element-populated\">\n\t\t\t\t\t\t<div class=\"elementor-element elementor-element-e87659e elementor-widget elementor-widget-heading\" data-id=\"e87659e\" data-element_type=\"widget\" data-e-type=\"widget\" data-widget_type=\"heading.default\">\n\t\t\t\t<div class=\"elementor-widget-container\">\n\t\t\t\t\t<h4 class=\"elementor-heading-title elementor-size-default\">Dienstleistungen Hotel<\/h4>\t\t\t\t<\/div>\n\t\t\t\t<\/div>\n\t\t\t\t<div class=\"elementor-element elementor-element-c9e32c1 elementor-widget elementor-widget-text-editor\" data-id=\"c9e32c1\" data-element_type=\"widget\" data-e-type=\"widget\" data-widget_type=\"text-editor.default\">\n\t\t\t\t<div class=\"elementor-widget-container\">\n\t\t\t\t\t\t\t\t\t<ul class=\"blist\">\n \t<li>Reception<\/li>\n \t<li>Bar<\/li>\n \t<li>Bistro<\/li>\n \t<li>Konditorei<\/li>\n \t<li>Klimatisierte Umgebung<\/li>\n \t<li>Lift<\/li>\n \t<li>Wertaufbewahrungsdienst<\/li>\n \t<li>Wi-Fi<\/li>\n \t<li>Kleiner interner Garten<\/li>\n \t<li>Parkplatz<\/li>\n \t<li>Heizung<\/li>\n<\/ul>\t\t\t\t\t\t\t\t<\/div>\n\t\t\t\t<\/div>\n\t\t\t\t\t<\/div>\n\t\t<\/div>\n\t\t\t\t<div class=\"elementor-column elementor-col-33 elementor-inner-column elementor-element elementor-element-2922157\" data-id=\"2922157\" data-element_type=\"column\" data-e-type=\"column\">\n\t\t\t<div class=\"elementor-widget-wrap elementor-element-populated\">\n\t\t\t\t\t\t<div class=\"elementor-element elementor-element-da1c520 elementor-widget elementor-widget-heading\" data-id=\"da1c520\" data-element_type=\"widget\" data-e-type=\"widget\" data-widget_type=\"heading.default\">\n\t\t\t\t<div class=\"elementor-widget-container\">\n\t\t\t\t\t<h4 class=\"elementor-heading-title elementor-size-default\">Dienstleistungen vom<br \/>Hotel dei Coralli<\/h4>\t\t\t\t<\/div>\n\t\t\t\t<\/div>\n\t\t\t\t<div class=\"elementor-element elementor-element-a00ec6f elementor-widget elementor-widget-text-editor\" data-id=\"a00ec6f\" data-element_type=\"widget\" data-e-type=\"widget\" data-widget_type=\"text-editor.default\">\n\t\t\t\t<div class=\"elementor-widget-container\">\n\t\t\t\t\t\t\t\t\t<p>die auch unsere Kunden nutzen k\u00f6nnen<\/p>\t\t\t\t\t\t\t\t<\/div>\n\t\t\t\t<\/div>\n\t\t\t\t<div class=\"elementor-element elementor-element-2a13515 elementor-widget elementor-widget-text-editor\" data-id=\"2a13515\" data-element_type=\"widget\" data-e-type=\"widget\" data-widget_type=\"text-editor.default\">\n\t\t\t\t<div class=\"elementor-widget-container\">\n\t\t\t\t\t\t\t\t\t<ul class=\"blist\">\n \t<li>Schwimmbad<\/li>\n \t<li>Sportpl\u00e4tze<\/li>\n \t<li>Fitnessstudio<\/li>\n \t<li>Bar<\/li>\n \t<li>A-la-carte-Restaurant<\/li>\n \t<li>Pinseria<\/li>\n \t<li>B\u00fcfett<\/li>\n<\/ul>\t\t\t\t\t\t\t\t<\/div>\n\t\t\t\t<\/div>\n\t\t\t\t\t<\/div>\n\t\t<\/div>\n\t\t\t\t<div class=\"elementor-column elementor-col-33 elementor-inner-column elementor-element elementor-element-034c8da\" data-id=\"034c8da\" data-element_type=\"column\" data-e-type=\"column\">\n\t\t\t<div class=\"elementor-widget-wrap elementor-element-populated\">\n\t\t\t\t\t\t<div class=\"elementor-element elementor-element-3051afa elementor-widget elementor-widget-heading\" data-id=\"3051afa\" data-element_type=\"widget\" data-e-type=\"widget\" data-widget_type=\"heading.default\">\n\t\t\t\t<div class=\"elementor-widget-container\">\n\t\t\t\t\t<h4 class=\"elementor-heading-title elementor-size-default\">Erm\u00e4ssigungen hotel<\/h4>\t\t\t\t<\/div>\n\t\t\t\t<\/div>\n\t\t\t\t<div class=\"elementor-element elementor-element-e06adb0 elementor-widget elementor-widget-text-editor\" data-id=\"e06adb0\" data-element_type=\"widget\" data-e-type=\"widget\" data-widget_type=\"text-editor.default\">\n\t\t\t\t<div class=\"elementor-widget-container\">\n\t\t\t\t\t\t\t\t\t<ul class=\"blist\">\n \t<li>Fahrradvermietung<\/li>\n \t<li>Scootermietung<\/li>\n \t<li>Autovermietung<\/li>\n \t<li>Tauchen<\/li>\n \t<li>Surfen<\/li>\n<\/ul>\t\t\t\t\t\t\t\t<\/div>\n\t\t\t\t<\/div>\n\t\t\t\t\t<\/div>\n\t\t<\/div>\n\t\t\t\t\t<\/div>\n\t\t<\/section>\n\t\t\t\t<div class=\"elementor-element elementor-element-015beed elementor-widget elementor-widget-spacer\" data-id=\"015beed\" data-element_type=\"widget\" data-e-type=\"widget\" data-widget_type=\"spacer.default\">\n\t\t\t\t<div class=\"elementor-widget-container\">\n\t\t\t\t\t\t\t<div class=\"elementor-spacer\">\n\t\t\t<div class=\"elementor-spacer-inner\"><\/div>\n\t\t<\/div>\n\t\t\t\t\t\t<\/div>\n\t\t\t\t<\/div>\n\t\t\t\t\t<\/div>\n\t\t<\/div>\n\t\t\t\t\t<\/div>\n\t\t<\/section>\n\t\t\t\t<section class=\"elementor-section elementor-top-section elementor-element elementor-element-63d3400 elementor-section-boxed elementor-section-height-default elementor-section-height-default\" data-id=\"63d3400\" data-element_type=\"section\" data-e-type=\"section\" data-settings=\"{&quot;background_background&quot;:&quot;classic&quot;}\">\n\t\t\t\t\t\t<div class=\"elementor-container elementor-column-gap-wider\">\n\t\t\t\t\t<div class=\"elementor-column elementor-col-100 elementor-top-column elementor-element elementor-element-c858fa6\" data-id=\"c858fa6\" data-element_type=\"column\" data-e-type=\"column\">\n\t\t\t<div class=\"elementor-widget-wrap elementor-element-populated\">\n\t\t\t\t\t\t<section class=\"elementor-section elementor-inner-section elementor-element elementor-element-942996e elementor-section-boxed elementor-section-height-default elementor-section-height-default\" data-id=\"942996e\" data-element_type=\"section\" data-e-type=\"section\">\n\t\t\t\t\t\t<div class=\"elementor-container elementor-column-gap-default\">\n\t\t\t\t\t<div class=\"elementor-column elementor-col-50 elementor-inner-column elementor-element elementor-element-3a30f0c\" data-id=\"3a30f0c\" data-element_type=\"column\" data-e-type=\"column\">\n\t\t\t<div class=\"elementor-widget-wrap elementor-element-populated\">\n\t\t\t\t\t\t<div class=\"elementor-element elementor-element-32d8f73 elementor-widget elementor-widget-heading\" data-id=\"32d8f73\" data-element_type=\"widget\" data-e-type=\"widget\" data-widget_type=\"heading.default\">\n\t\t\t\t<div class=\"elementor-widget-container\">\n\t\t\t\t\t<h4 class=\"elementor-heading-title elementor-size-default\">Zimmerservice<\/h4>\t\t\t\t<\/div>\n\t\t\t\t<\/div>\n\t\t\t\t<div class=\"elementor-element elementor-element-5dc2eca elementor-widget elementor-widget-text-editor\" data-id=\"5dc2eca\" data-element_type=\"widget\" data-e-type=\"widget\" data-widget_type=\"text-editor.default\">\n\t\t\t\t<div class=\"elementor-widget-container\">\n\t\t\t\t\t\t\t\t\t<ul class=\"blist\">\n \t<li>Telefon mit Direktwahl<\/li>\n \t<li>Satelliten Fernsehen<\/li>\n \t<li>Safe<\/li>\n \t<li>Klimaanlage<\/li>\n \t<li>Minibar<\/li>\n \t<li>Kleine\/mittelgro\u00dfe Haustiere<\/li>\n \t<li>Kreditkarten (au\u00dfer Diners)<\/li>\n<\/ul>\t\t\t\t\t\t\t\t<\/div>\n\t\t\t\t<\/div>\n\t\t\t\t\t<\/div>\n\t\t<\/div>\n\t\t\t\t<div class=\"elementor-column elementor-col-50 elementor-inner-column elementor-element elementor-element-0d22dac\" data-id=\"0d22dac\" data-element_type=\"column\" data-e-type=\"column\">\n\t\t\t<div class=\"elementor-widget-wrap elementor-element-populated\">\n\t\t\t\t\t\t<div class=\"elementor-element elementor-element-acd6dbf elementor-widget elementor-widget-heading\" data-id=\"acd6dbf\" data-element_type=\"widget\" data-e-type=\"widget\" data-widget_type=\"heading.default\">\n\t\t\t\t<div class=\"elementor-widget-container\">\n\t\t\t\t\t<h4 class=\"elementor-heading-title elementor-size-default\">Familienzimmerservice<\/h4>\t\t\t\t<\/div>\n\t\t\t\t<\/div>\n\t\t\t\t<div class=\"elementor-element elementor-element-b07e0e9 elementor-widget elementor-widget-text-editor\" data-id=\"b07e0e9\" data-element_type=\"widget\" data-e-type=\"widget\" data-widget_type=\"text-editor.default\">\n\t\t\t\t<div class=\"elementor-widget-container\">\n\t\t\t\t\t\t\t\t\t<ul class=\"blist\">\n \t<li>Telefon mit Direktwahl<\/li>\n \t<li>Satelliten Fernsehen<\/li>\n \t<li>Sicher<\/li>\n \t<li>Klimaanlage<\/li>\n \t<li>Minibar<\/li>\n \t<li>Kleine\/mittelgro\u00dfe Haustiere<\/li>\n \t<li>Kreditkarten (au\u00dfer Diners)<\/li>\n \t<li>Kochzeile<\/li>\n \t<li>Kaffeemaschiene<\/li>\n<\/ul>\t\t\t\t\t\t\t\t<\/div>\n\t\t\t\t<\/div>\n\t\t\t\t\t<\/div>\n\t\t<\/div>\n\t\t\t\t\t<\/div>\n\t\t<\/section>\n\t\t\t\t\t<\/div>\n\t\t<\/div>\n\t\t\t\t\t<\/div>\n\t\t<\/section>\n\t\t\t\t<\/div>\n\t\t","protected":false},"excerpt":{"rendered":"<p>Dienstleistungen Dienstleistungen Hotel Reception Bar Bistro Konditorei Klimatisierte Umgebung Lift Wertaufbewahrungsdienst Wi-Fi Kleiner interner Garten Parkplatz Heizung Dienstleistungen vomHotel dei Coralli die auch unsere Kunden nutzen k\u00f6nnen Schwimmbad Sportpl\u00e4tze Fitnessstudio Bar A-la-carte-Restaurant Pinseria B\u00fcfett Erm\u00e4ssigungen hotel Fahrradvermietung Scootermietung Autovermietung Tauchen Surfen Zimmerservice Telefon mit Direktwahl Satelliten Fernsehen Safe Klimaanlage Minibar Kleine\/mittelgro\u00dfe Haustiere Kreditkarten (au\u00dfer Diners) [&hellip;]<\/p>\n","protected":false},"author":1,"featured_media":0,"parent":1980,"menu_order":3,"comment_status":"closed","ping_status":"closed","template":"tpl-default-elementor.php","meta":{"_mo_disable_npp":"","footnotes":""},"class_list":["post-2018","page","type-page","status-publish","hentry"],"yoast_head":"<!-- This site is optimized with the Yoast SEO plugin v27.3 - https:\/\/yoast.com\/product\/yoast-seo-wordpress\/ -->\n<title>Dienstleistungen - Hotel Barcarola 2 - Marina di Campo, Insel Elba<\/title>\n<meta name=\"description\" content=\"Dienstleistungen hotel: Reception, Bar, Bistro, Konditorei, klimatisierte Umgebung, Lift, Wertaufbewahrungsdienst, Wi-Fi, Parkplatz, usw...\" \/>\n<meta name=\"robots\" content=\"index, follow, max-snippet:-1, max-image-preview:large, max-video-preview:-1\" \/>\n<link rel=\"canonical\" href=\"https:\/\/www.hotelbarcarola2.it\/de\/hotel-bed-and-bakery\/dienstleistungen\/\" \/>\n<meta property=\"og:locale\" content=\"de_DE\" \/>\n<meta property=\"og:type\" content=\"article\" \/>\n<meta property=\"og:title\" content=\"Dienstleistungen - Hotel Barcarola 2 - Marina di Campo, Insel Elba\" \/>\n<meta property=\"og:description\" content=\"Dienstleistungen hotel: Reception, Bar, Bistro, Konditorei, klimatisierte Umgebung, Lift, Wertaufbewahrungsdienst, Wi-Fi, Parkplatz, usw...\" \/>\n<meta property=\"og:url\" content=\"https:\/\/www.hotelbarcarola2.it\/de\/hotel-bed-and-bakery\/dienstleistungen\/\" \/>\n<meta property=\"og:site_name\" content=\"Hotel Barcarola 2\" \/>\n<meta property=\"article:publisher\" content=\"https:\/\/www.facebook.com\/HotelBarcarola2\" \/>\n<meta property=\"article:modified_time\" content=\"2024-10-11T15:18:52+00:00\" \/>\n<meta name=\"twitter:card\" content=\"summary_large_image\" \/>\n<script type=\"application\/ld+json\" class=\"yoast-schema-graph\">{\"@context\":\"https:\\\/\\\/schema.org\",\"@graph\":[{\"@type\":\"WebPage\",\"@id\":\"https:\\\/\\\/www.hotelbarcarola2.it\\\/de\\\/hotel-bed-and-bakery\\\/dienstleistungen\\\/\",\"url\":\"https:\\\/\\\/www.hotelbarcarola2.it\\\/de\\\/hotel-bed-and-bakery\\\/dienstleistungen\\\/\",\"name\":\"Dienstleistungen - Hotel Barcarola 2 - Marina di Campo, Insel Elba\",\"isPartOf\":{\"@id\":\"https:\\\/\\\/www.hotelbarcarola2.it\\\/de\\\/#website\"},\"datePublished\":\"2023-03-15T10:47:46+00:00\",\"dateModified\":\"2024-10-11T15:18:52+00:00\",\"description\":\"Dienstleistungen hotel: Reception, Bar, Bistro, Konditorei, klimatisierte Umgebung, Lift, Wertaufbewahrungsdienst, Wi-Fi, Parkplatz, usw...\",\"breadcrumb\":{\"@id\":\"https:\\\/\\\/www.hotelbarcarola2.it\\\/de\\\/hotel-bed-and-bakery\\\/dienstleistungen\\\/#breadcrumb\"},\"inLanguage\":\"de\",\"potentialAction\":[{\"@type\":\"ReadAction\",\"target\":[\"https:\\\/\\\/www.hotelbarcarola2.it\\\/de\\\/hotel-bed-and-bakery\\\/dienstleistungen\\\/\"]}]},{\"@type\":\"BreadcrumbList\",\"@id\":\"https:\\\/\\\/www.hotelbarcarola2.it\\\/de\\\/hotel-bed-and-bakery\\\/dienstleistungen\\\/#breadcrumb\",\"itemListElement\":[{\"@type\":\"ListItem\",\"position\":1,\"name\":\"Home\",\"item\":\"https:\\\/\\\/www.hotelbarcarola2.it\\\/de\\\/\"},{\"@type\":\"ListItem\",\"position\":2,\"name\":\"Hotel Bed &#038; Bakery\",\"item\":\"https:\\\/\\\/www.hotelbarcarola2.it\\\/de\\\/hotel-bed-and-bakery\\\/\"},{\"@type\":\"ListItem\",\"position\":3,\"name\":\"Dienstleistungen\"}]},{\"@type\":\"WebSite\",\"@id\":\"https:\\\/\\\/www.hotelbarcarola2.it\\\/de\\\/#website\",\"url\":\"https:\\\/\\\/www.hotelbarcarola2.it\\\/de\\\/\",\"name\":\"www.hotelbarcarola2.it\",\"description\":\"Marina di Campo, Insel Elba\",\"publisher\":{\"@id\":\"https:\\\/\\\/www.hotelbarcarola2.it\\\/de\\\/#organization\"},\"potentialAction\":[{\"@type\":\"SearchAction\",\"target\":{\"@type\":\"EntryPoint\",\"urlTemplate\":\"https:\\\/\\\/www.hotelbarcarola2.it\\\/de\\\/?s={search_term_string}\"},\"query-input\":{\"@type\":\"PropertyValueSpecification\",\"valueRequired\":true,\"valueName\":\"search_term_string\"}}],\"inLanguage\":\"de\"},{\"@type\":\"Organization\",\"@id\":\"https:\\\/\\\/www.hotelbarcarola2.it\\\/de\\\/#organization\",\"name\":\"www.hotelbarcarola2.it\",\"url\":\"https:\\\/\\\/www.hotelbarcarola2.it\\\/de\\\/\",\"logo\":{\"@type\":\"ImageObject\",\"inLanguage\":\"de\",\"@id\":\"https:\\\/\\\/www.hotelbarcarola2.it\\\/de\\\/#\\\/schema\\\/logo\\\/image\\\/\",\"url\":\"https:\\\/\\\/www.hotelbarcarola2.it\\\/wp-content\\\/uploads\\\/hotel_barcarola_2.png\",\"contentUrl\":\"https:\\\/\\\/www.hotelbarcarola2.it\\\/wp-content\\\/uploads\\\/hotel_barcarola_2.png\",\"width\":600,\"height\":102,\"caption\":\"www.hotelbarcarola2.it\"},\"image\":{\"@id\":\"https:\\\/\\\/www.hotelbarcarola2.it\\\/de\\\/#\\\/schema\\\/logo\\\/image\\\/\"},\"sameAs\":[\"https:\\\/\\\/www.facebook.com\\\/HotelBarcarola2\"]}]}<\/script>\n<!-- \/ Yoast SEO plugin. -->","yoast_head_json":{"title":"Dienstleistungen - Hotel Barcarola 2 - Marina di Campo, Insel Elba","description":"Dienstleistungen hotel: Reception, Bar, Bistro, Konditorei, klimatisierte Umgebung, Lift, Wertaufbewahrungsdienst, Wi-Fi, Parkplatz, usw...","robots":{"index":"index","follow":"follow","max-snippet":"max-snippet:-1","max-image-preview":"max-image-preview:large","max-video-preview":"max-video-preview:-1"},"canonical":"https:\/\/www.hotelbarcarola2.it\/de\/hotel-bed-and-bakery\/dienstleistungen\/","og_locale":"de_DE","og_type":"article","og_title":"Dienstleistungen - Hotel Barcarola 2 - Marina di Campo, Insel Elba","og_description":"Dienstleistungen hotel: Reception, Bar, Bistro, Konditorei, klimatisierte Umgebung, Lift, Wertaufbewahrungsdienst, Wi-Fi, Parkplatz, usw...","og_url":"https:\/\/www.hotelbarcarola2.it\/de\/hotel-bed-and-bakery\/dienstleistungen\/","og_site_name":"Hotel Barcarola 2","article_publisher":"https:\/\/www.facebook.com\/HotelBarcarola2","article_modified_time":"2024-10-11T15:18:52+00:00","twitter_card":"summary_large_image","schema":{"@context":"https:\/\/schema.org","@graph":[{"@type":"WebPage","@id":"https:\/\/www.hotelbarcarola2.it\/de\/hotel-bed-and-bakery\/dienstleistungen\/","url":"https:\/\/www.hotelbarcarola2.it\/de\/hotel-bed-and-bakery\/dienstleistungen\/","name":"Dienstleistungen - Hotel Barcarola 2 - Marina di Campo, Insel Elba","isPartOf":{"@id":"https:\/\/www.hotelbarcarola2.it\/de\/#website"},"datePublished":"2023-03-15T10:47:46+00:00","dateModified":"2024-10-11T15:18:52+00:00","description":"Dienstleistungen hotel: Reception, Bar, Bistro, Konditorei, klimatisierte Umgebung, Lift, Wertaufbewahrungsdienst, Wi-Fi, Parkplatz, usw...","breadcrumb":{"@id":"https:\/\/www.hotelbarcarola2.it\/de\/hotel-bed-and-bakery\/dienstleistungen\/#breadcrumb"},"inLanguage":"de","potentialAction":[{"@type":"ReadAction","target":["https:\/\/www.hotelbarcarola2.it\/de\/hotel-bed-and-bakery\/dienstleistungen\/"]}]},{"@type":"BreadcrumbList","@id":"https:\/\/www.hotelbarcarola2.it\/de\/hotel-bed-and-bakery\/dienstleistungen\/#breadcrumb","itemListElement":[{"@type":"ListItem","position":1,"name":"Home","item":"https:\/\/www.hotelbarcarola2.it\/de\/"},{"@type":"ListItem","position":2,"name":"Hotel Bed &#038; Bakery","item":"https:\/\/www.hotelbarcarola2.it\/de\/hotel-bed-and-bakery\/"},{"@type":"ListItem","position":3,"name":"Dienstleistungen"}]},{"@type":"WebSite","@id":"https:\/\/www.hotelbarcarola2.it\/de\/#website","url":"https:\/\/www.hotelbarcarola2.it\/de\/","name":"www.hotelbarcarola2.it","description":"Marina di Campo, Insel Elba","publisher":{"@id":"https:\/\/www.hotelbarcarola2.it\/de\/#organization"},"potentialAction":[{"@type":"SearchAction","target":{"@type":"EntryPoint","urlTemplate":"https:\/\/www.hotelbarcarola2.it\/de\/?s={search_term_string}"},"query-input":{"@type":"PropertyValueSpecification","valueRequired":true,"valueName":"search_term_string"}}],"inLanguage":"de"},{"@type":"Organization","@id":"https:\/\/www.hotelbarcarola2.it\/de\/#organization","name":"www.hotelbarcarola2.it","url":"https:\/\/www.hotelbarcarola2.it\/de\/","logo":{"@type":"ImageObject","inLanguage":"de","@id":"https:\/\/www.hotelbarcarola2.it\/de\/#\/schema\/logo\/image\/","url":"https:\/\/www.hotelbarcarola2.it\/wp-content\/uploads\/hotel_barcarola_2.png","contentUrl":"https:\/\/www.hotelbarcarola2.it\/wp-content\/uploads\/hotel_barcarola_2.png","width":600,"height":102,"caption":"www.hotelbarcarola2.it"},"image":{"@id":"https:\/\/www.hotelbarcarola2.it\/de\/#\/schema\/logo\/image\/"},"sameAs":["https:\/\/www.facebook.com\/HotelBarcarola2"]}]}},"_links":{"self":[{"href":"https:\/\/www.hotelbarcarola2.it\/de\/wp-json\/wp\/v2\/pages\/2018","targetHints":{"allow":["GET"]}}],"collection":[{"href":"https:\/\/www.hotelbarcarola2.it\/de\/wp-json\/wp\/v2\/pages"}],"about":[{"href":"https:\/\/www.hotelbarcarola2.it\/de\/wp-json\/wp\/v2\/types\/page"}],"author":[{"embeddable":true,"href":"https:\/\/www.hotelbarcarola2.it\/de\/wp-json\/wp\/v2\/users\/1"}],"replies":[{"embeddable":true,"href":"https:\/\/www.hotelbarcarola2.it\/de\/wp-json\/wp\/v2\/comments?post=2018"}],"version-history":[{"count":25,"href":"https:\/\/www.hotelbarcarola2.it\/de\/wp-json\/wp\/v2\/pages\/2018\/revisions"}],"predecessor-version":[{"id":3306,"href":"https:\/\/www.hotelbarcarola2.it\/de\/wp-json\/wp\/v2\/pages\/2018\/revisions\/3306"}],"up":[{"embeddable":true,"href":"https:\/\/www.hotelbarcarola2.it\/de\/wp-json\/wp\/v2\/pages\/1980"}],"wp:attachment":[{"href":"https:\/\/www.hotelbarcarola2.it\/de\/wp-json\/wp\/v2\/media?parent=2018"}],"curies":[{"name":"wp","href":"https:\/\/api.w.org\/{rel}","templated":true}]}}