{"id":2118,"date":"2023-03-15T15:51:58","date_gmt":"2023-03-15T14:51:58","guid":{"rendered":"https:\/\/www.hotelbarcarola2.it\/contatti\/"},"modified":"2026-02-27T09:54:04","modified_gmt":"2026-02-27T08:54:04","slug":"kontakte","status":"publish","type":"page","link":"https:\/\/www.hotelbarcarola2.it\/de\/infos-und-buchung\/kontakte\/","title":{"rendered":"Kontakte"},"content":{"rendered":"\t\t<div data-elementor-type=\"wp-page\" data-elementor-id=\"2118\" class=\"elementor elementor-2118 elementor-318\">\n\t\t\t\t\t\t<section class=\"elementor-section elementor-top-section elementor-element elementor-element-4b647dd6 elementor-section-boxed elementor-section-height-default elementor-section-height-default\" data-id=\"4b647dd6\" data-element_type=\"section\" data-e-type=\"section\" data-settings=\"{&quot;background_background&quot;:&quot;classic&quot;}\">\n\t\t\t\t\t\t\t<div class=\"elementor-background-overlay\"><\/div>\n\t\t\t\t\t\t\t<div class=\"elementor-container elementor-column-gap-default\">\n\t\t\t\t\t<div class=\"elementor-column elementor-col-100 elementor-top-column elementor-element elementor-element-2a905b52\" data-id=\"2a905b52\" data-element_type=\"column\" data-e-type=\"column\">\n\t\t\t<div class=\"elementor-widget-wrap elementor-element-populated\">\n\t\t\t\t\t\t<div class=\"elementor-element elementor-element-5be0e75e elementor-widget elementor-widget-spacer\" data-id=\"5be0e75e\" data-element_type=\"widget\" data-e-type=\"widget\" data-widget_type=\"spacer.default\">\n\t\t\t\t<div class=\"elementor-widget-container\">\n\t\t\t\t\t\t\t<div class=\"elementor-spacer\">\n\t\t\t<div class=\"elementor-spacer-inner\"><\/div>\n\t\t<\/div>\n\t\t\t\t\t\t<\/div>\n\t\t\t\t<\/div>\n\t\t\t\t\t<\/div>\n\t\t<\/div>\n\t\t\t\t\t<\/div>\n\t\t<\/section>\n\t\t\t\t<section class=\"elementor-section elementor-top-section elementor-element elementor-element-a7d1a16 elementor-section-boxed elementor-section-height-default elementor-section-height-default\" data-id=\"a7d1a16\" data-element_type=\"section\" data-e-type=\"section\">\n\t\t\t\t\t\t<div class=\"elementor-container elementor-column-gap-default\">\n\t\t\t\t\t<div class=\"elementor-column elementor-col-100 elementor-top-column elementor-element elementor-element-b85e292\" data-id=\"b85e292\" data-element_type=\"column\" data-e-type=\"column\">\n\t\t\t<div class=\"elementor-widget-wrap elementor-element-populated\">\n\t\t\t\t\t\t<div class=\"elementor-element elementor-element-73aa86d elementor-widget elementor-widget-hotera_contact_us\" data-id=\"73aa86d\" data-element_type=\"widget\" data-e-type=\"widget\" data-widget_type=\"hotera_contact_us.default\">\n\t\t\t\t<div class=\"elementor-widget-container\">\n\t\t\t\t\t        \n        <!--Contact Section-->\n        <section class=\"contact-section-two\">\n            <div class=\"auto-container clearfix\">\n                <div class=\"row clearfix\">\n    \n                    <div class=\"info-col col-lg-6 col-md-12 col-sm-12\">\n                        <div class=\"inner\">\n                            <div class=\"u-text\"><h2>Kontakte<\/h2>\n<p>M\u00f6chten Sie einen Aufenthalt in unserem Hotel auf der Insel Elba buchen oder w\u00fcnschen Sie nur weitere Informationen? Bei Fragen oder Reservierungen kontaktieren Sie uns bitte \u00fcber die unten stehenden Kontaktdaten. Wir werden Ihnen so schnell wie m\u00f6glich antworten.<\/p><\/div>\n    \n                            <div class=\"info\">\n                                                                <div class=\"info-block\">\n                                    <div class=\"block-inner\">\n                                        <div class=\"icon-box wow zoomInStable\" data-wow-delay=\"0ms\" data-wow-duration=\"2000ms\"><span class=\"icon flaticon-placeholder-1\"><\/span><\/div>\n                                        <h4><a target=\"_blank\" href=\"https:\/\/maps.app.goo.gl\/Me12KNezhMDY76t38\">Adresse<\/a><\/h4>\n                                        <div class=\"text\"><a target=\"_blank\" href=\"https:\/\/maps.app.goo.gl\/Me12KNezhMDY76t38\">Via per Portoferraio 208,<br \/>57034 Marina di Campo (LI)<\/a><\/div>\n                                    <\/div>\n                                <\/div>\n                                                                <div class=\"info-block\">\n                                    <div class=\"block-inner\">\n                                        <div class=\"icon-box wow zoomInStable\" data-wow-delay=\"0ms\" data-wow-duration=\"2000ms\"><span class=\"icon flaticon-technology-2\"><\/span><\/div>\n                                        <h4><a href=\"tel:+390565976255\">Telefon<\/a><\/h4>\n                                        <div class=\"text\"><a href=\"tel:+390565976255\">(+39) 0565 976255<\/a><\/div>\n                                    <\/div>\n                                <\/div>\n                                                                <div class=\"info-block\">\n                                    <div class=\"block-inner\">\n                                        <div class=\"icon-box wow zoomInStable\" data-wow-delay=\"0ms\" data-wow-duration=\"2000ms\"><span class=\"icon flaticon-email-1\"><\/span><\/div>\n                                        <h4><a href=\"mailto:info@hotelbarcarola2.it\">Email<\/a><\/h4>\n                                        <div class=\"text\"><a href=\"mailto:info@hotelbarcarola2.it\">info@hotelbarcarola2.it\n<\/a><\/div>\n                                    <\/div>\n                                <\/div>\n                                                            <\/div>\n                        <\/div>\n                    <\/div>\n                    <div class=\"form-col col-lg-6 col-md-12 col-sm-12\">\n                        <div class=\"inner\">\n                            <div class=\"form-box default-form contact-form-two wow fadeInRight\" data-wow-delay=\"0ms\" data-wow-duration=\"1500ms\">\n                                <h3>Angebot anfordern<\/h3>\n                                <div class=\"text\">M\u00f6chten Sie ein individuelles Angebot?<\/div>\n                                <div class=\"info\">\n<div class=\"info-block\">\n<div class=\"block-inner\">\n<div class=\"icon-box wow zoomInStable animated\" data-wow-delay=\"0ms\" data-wow-duration=\"2000ms\" style=\"visibility: visible; animation-duration: 2000ms; animation-delay: 0ms; animation-name: zoomInStable;\"><span class=\"fa fa-globe\"><\/span><\/div>\n<h4><a target=\"_blank\" href=\"https:\/\/hospitality-guest.teamsystem.cloud\/quotation-request\/hotel-barcarola-2\">Anfrage senden<\/a><\/h4>\n<div class=\"text\"><a target=\"_blank\" href=\"https:\/\/hospitality-guest.teamsystem.cloud\/quotation-request\/hotel-barcarola-2\">F\u00fcllen Sie alle Felder aus, um Ihr individuelles Angebot zu erhalten.<\/a><\/div>\n<\/div>\n<\/div>\n<\/div>                            <\/div>\n                        <\/div>\n                    <\/div>\n    \n                <\/div>\n            <\/div>\n        <\/section>\n        \n\t\t\t\t\t\t<\/div>\n\t\t\t\t<\/div>\n\t\t\t\t\t<\/div>\n\t\t<\/div>\n\t\t\t\t\t<\/div>\n\t\t<\/section>\n\t\t\t\t<\/div>\n\t\t","protected":false},"excerpt":{"rendered":"<p>Kontakte M\u00f6chten Sie einen Aufenthalt in unserem Hotel auf der Insel Elba buchen oder w\u00fcnschen Sie nur weitere Informationen? Bei Fragen oder Reservierungen kontaktieren Sie uns bitte \u00fcber die unten stehenden Kontaktdaten. Wir werden Ihnen so schnell wie m\u00f6glich antworten. Adresse Via per Portoferraio 208,57034 Marina di Campo (LI) Telefon (+39) 0565 976255 Email info@hotelbarcarola2.it [&hellip;]<\/p>\n","protected":false},"author":1,"featured_media":0,"parent":2145,"menu_order":2,"comment_status":"closed","ping_status":"closed","template":"tpl-default-elementor.php","meta":{"_mo_disable_npp":"","footnotes":""},"class_list":["post-2118","page","type-page","status-publish","hentry"],"yoast_head":"<!-- This site is optimized with the Yoast SEO plugin v27.3 - https:\/\/yoast.com\/product\/yoast-seo-wordpress\/ -->\n<title>Kontakte - Hotel Barcarola 2 - Marina di Campo, Insel Elba<\/title>\n<meta name=\"description\" content=\"F\u00fcr Fragen oder Reservierungen kontaktieren Sie bitte unsere Rezeption mit dem Telefon oder f\u00fcllen Sie das untenstehende Formular aus.\" \/>\n<meta name=\"robots\" content=\"index, follow, max-snippet:-1, max-image-preview:large, max-video-preview:-1\" \/>\n<link rel=\"canonical\" href=\"https:\/\/www.hotelbarcarola2.it\/de\/infos-und-buchung\/kontakte\/\" \/>\n<meta property=\"og:locale\" content=\"de_DE\" \/>\n<meta property=\"og:type\" content=\"article\" \/>\n<meta property=\"og:title\" content=\"Kontakte - Hotel Barcarola 2 - Marina di Campo, Insel Elba\" \/>\n<meta property=\"og:description\" content=\"F\u00fcr Fragen oder Reservierungen kontaktieren Sie bitte unsere Rezeption mit dem Telefon oder f\u00fcllen Sie das untenstehende Formular aus.\" \/>\n<meta property=\"og:url\" content=\"https:\/\/www.hotelbarcarola2.it\/de\/infos-und-buchung\/kontakte\/\" \/>\n<meta property=\"og:site_name\" content=\"Hotel Barcarola 2\" \/>\n<meta property=\"article:publisher\" content=\"https:\/\/www.facebook.com\/HotelBarcarola2\" \/>\n<meta property=\"article:modified_time\" content=\"2026-02-27T08:54:04+00:00\" \/>\n<meta name=\"twitter:card\" content=\"summary_large_image\" \/>\n<script type=\"application\/ld+json\" class=\"yoast-schema-graph\">{\"@context\":\"https:\\\/\\\/schema.org\",\"@graph\":[{\"@type\":\"WebPage\",\"@id\":\"https:\\\/\\\/www.hotelbarcarola2.it\\\/de\\\/infos-und-buchung\\\/kontakte\\\/\",\"url\":\"https:\\\/\\\/www.hotelbarcarola2.it\\\/de\\\/infos-und-buchung\\\/kontakte\\\/\",\"name\":\"Kontakte - Hotel Barcarola 2 - Marina di Campo, Insel Elba\",\"isPartOf\":{\"@id\":\"https:\\\/\\\/www.hotelbarcarola2.it\\\/de\\\/#website\"},\"datePublished\":\"2023-03-15T14:51:58+00:00\",\"dateModified\":\"2026-02-27T08:54:04+00:00\",\"description\":\"F\u00fcr Fragen oder Reservierungen kontaktieren Sie bitte unsere Rezeption mit dem Telefon oder f\u00fcllen Sie das untenstehende Formular aus.\",\"breadcrumb\":{\"@id\":\"https:\\\/\\\/www.hotelbarcarola2.it\\\/de\\\/infos-und-buchung\\\/kontakte\\\/#breadcrumb\"},\"inLanguage\":\"de\",\"potentialAction\":[{\"@type\":\"ReadAction\",\"target\":[\"https:\\\/\\\/www.hotelbarcarola2.it\\\/de\\\/infos-und-buchung\\\/kontakte\\\/\"]}]},{\"@type\":\"BreadcrumbList\",\"@id\":\"https:\\\/\\\/www.hotelbarcarola2.it\\\/de\\\/infos-und-buchung\\\/kontakte\\\/#breadcrumb\",\"itemListElement\":[{\"@type\":\"ListItem\",\"position\":1,\"name\":\"Home\",\"item\":\"https:\\\/\\\/www.hotelbarcarola2.it\\\/de\\\/\"},{\"@type\":\"ListItem\",\"position\":2,\"name\":\"Infos und Buchung\",\"item\":\"https:\\\/\\\/www.hotelbarcarola2.it\\\/de\\\/infos-und-buchung\\\/\"},{\"@type\":\"ListItem\",\"position\":3,\"name\":\"Kontakte\"}]},{\"@type\":\"WebSite\",\"@id\":\"https:\\\/\\\/www.hotelbarcarola2.it\\\/de\\\/#website\",\"url\":\"https:\\\/\\\/www.hotelbarcarola2.it\\\/de\\\/\",\"name\":\"www.hotelbarcarola2.it\",\"description\":\"Marina di Campo, Insel Elba\",\"publisher\":{\"@id\":\"https:\\\/\\\/www.hotelbarcarola2.it\\\/de\\\/#organization\"},\"potentialAction\":[{\"@type\":\"SearchAction\",\"target\":{\"@type\":\"EntryPoint\",\"urlTemplate\":\"https:\\\/\\\/www.hotelbarcarola2.it\\\/de\\\/?s={search_term_string}\"},\"query-input\":{\"@type\":\"PropertyValueSpecification\",\"valueRequired\":true,\"valueName\":\"search_term_string\"}}],\"inLanguage\":\"de\"},{\"@type\":\"Organization\",\"@id\":\"https:\\\/\\\/www.hotelbarcarola2.it\\\/de\\\/#organization\",\"name\":\"www.hotelbarcarola2.it\",\"url\":\"https:\\\/\\\/www.hotelbarcarola2.it\\\/de\\\/\",\"logo\":{\"@type\":\"ImageObject\",\"inLanguage\":\"de\",\"@id\":\"https:\\\/\\\/www.hotelbarcarola2.it\\\/de\\\/#\\\/schema\\\/logo\\\/image\\\/\",\"url\":\"https:\\\/\\\/www.hotelbarcarola2.it\\\/wp-content\\\/uploads\\\/hotel_barcarola_2.png\",\"contentUrl\":\"https:\\\/\\\/www.hotelbarcarola2.it\\\/wp-content\\\/uploads\\\/hotel_barcarola_2.png\",\"width\":600,\"height\":102,\"caption\":\"www.hotelbarcarola2.it\"},\"image\":{\"@id\":\"https:\\\/\\\/www.hotelbarcarola2.it\\\/de\\\/#\\\/schema\\\/logo\\\/image\\\/\"},\"sameAs\":[\"https:\\\/\\\/www.facebook.com\\\/HotelBarcarola2\"]}]}<\/script>\n<!-- \/ Yoast SEO plugin. -->","yoast_head_json":{"title":"Kontakte - Hotel Barcarola 2 - Marina di Campo, Insel Elba","description":"F\u00fcr Fragen oder Reservierungen kontaktieren Sie bitte unsere Rezeption mit dem Telefon oder f\u00fcllen Sie das untenstehende Formular aus.","robots":{"index":"index","follow":"follow","max-snippet":"max-snippet:-1","max-image-preview":"max-image-preview:large","max-video-preview":"max-video-preview:-1"},"canonical":"https:\/\/www.hotelbarcarola2.it\/de\/infos-und-buchung\/kontakte\/","og_locale":"de_DE","og_type":"article","og_title":"Kontakte - Hotel Barcarola 2 - Marina di Campo, Insel Elba","og_description":"F\u00fcr Fragen oder Reservierungen kontaktieren Sie bitte unsere Rezeption mit dem Telefon oder f\u00fcllen Sie das untenstehende Formular aus.","og_url":"https:\/\/www.hotelbarcarola2.it\/de\/infos-und-buchung\/kontakte\/","og_site_name":"Hotel Barcarola 2","article_publisher":"https:\/\/www.facebook.com\/HotelBarcarola2","article_modified_time":"2026-02-27T08:54:04+00:00","twitter_card":"summary_large_image","schema":{"@context":"https:\/\/schema.org","@graph":[{"@type":"WebPage","@id":"https:\/\/www.hotelbarcarola2.it\/de\/infos-und-buchung\/kontakte\/","url":"https:\/\/www.hotelbarcarola2.it\/de\/infos-und-buchung\/kontakte\/","name":"Kontakte - Hotel Barcarola 2 - Marina di Campo, Insel Elba","isPartOf":{"@id":"https:\/\/www.hotelbarcarola2.it\/de\/#website"},"datePublished":"2023-03-15T14:51:58+00:00","dateModified":"2026-02-27T08:54:04+00:00","description":"F\u00fcr Fragen oder Reservierungen kontaktieren Sie bitte unsere Rezeption mit dem Telefon oder f\u00fcllen Sie das untenstehende Formular aus.","breadcrumb":{"@id":"https:\/\/www.hotelbarcarola2.it\/de\/infos-und-buchung\/kontakte\/#breadcrumb"},"inLanguage":"de","potentialAction":[{"@type":"ReadAction","target":["https:\/\/www.hotelbarcarola2.it\/de\/infos-und-buchung\/kontakte\/"]}]},{"@type":"BreadcrumbList","@id":"https:\/\/www.hotelbarcarola2.it\/de\/infos-und-buchung\/kontakte\/#breadcrumb","itemListElement":[{"@type":"ListItem","position":1,"name":"Home","item":"https:\/\/www.hotelbarcarola2.it\/de\/"},{"@type":"ListItem","position":2,"name":"Infos und Buchung","item":"https:\/\/www.hotelbarcarola2.it\/de\/infos-und-buchung\/"},{"@type":"ListItem","position":3,"name":"Kontakte"}]},{"@type":"WebSite","@id":"https:\/\/www.hotelbarcarola2.it\/de\/#website","url":"https:\/\/www.hotelbarcarola2.it\/de\/","name":"www.hotelbarcarola2.it","description":"Marina di Campo, Insel Elba","publisher":{"@id":"https:\/\/www.hotelbarcarola2.it\/de\/#organization"},"potentialAction":[{"@type":"SearchAction","target":{"@type":"EntryPoint","urlTemplate":"https:\/\/www.hotelbarcarola2.it\/de\/?s={search_term_string}"},"query-input":{"@type":"PropertyValueSpecification","valueRequired":true,"valueName":"search_term_string"}}],"inLanguage":"de"},{"@type":"Organization","@id":"https:\/\/www.hotelbarcarola2.it\/de\/#organization","name":"www.hotelbarcarola2.it","url":"https:\/\/www.hotelbarcarola2.it\/de\/","logo":{"@type":"ImageObject","inLanguage":"de","@id":"https:\/\/www.hotelbarcarola2.it\/de\/#\/schema\/logo\/image\/","url":"https:\/\/www.hotelbarcarola2.it\/wp-content\/uploads\/hotel_barcarola_2.png","contentUrl":"https:\/\/www.hotelbarcarola2.it\/wp-content\/uploads\/hotel_barcarola_2.png","width":600,"height":102,"caption":"www.hotelbarcarola2.it"},"image":{"@id":"https:\/\/www.hotelbarcarola2.it\/de\/#\/schema\/logo\/image\/"},"sameAs":["https:\/\/www.facebook.com\/HotelBarcarola2"]}]}},"_links":{"self":[{"href":"https:\/\/www.hotelbarcarola2.it\/de\/wp-json\/wp\/v2\/pages\/2118","targetHints":{"allow":["GET"]}}],"collection":[{"href":"https:\/\/www.hotelbarcarola2.it\/de\/wp-json\/wp\/v2\/pages"}],"about":[{"href":"https:\/\/www.hotelbarcarola2.it\/de\/wp-json\/wp\/v2\/types\/page"}],"author":[{"embeddable":true,"href":"https:\/\/www.hotelbarcarola2.it\/de\/wp-json\/wp\/v2\/users\/1"}],"replies":[{"embeddable":true,"href":"https:\/\/www.hotelbarcarola2.it\/de\/wp-json\/wp\/v2\/comments?post=2118"}],"version-history":[{"count":22,"href":"https:\/\/www.hotelbarcarola2.it\/de\/wp-json\/wp\/v2\/pages\/2118\/revisions"}],"predecessor-version":[{"id":3849,"href":"https:\/\/www.hotelbarcarola2.it\/de\/wp-json\/wp\/v2\/pages\/2118\/revisions\/3849"}],"up":[{"embeddable":true,"href":"https:\/\/www.hotelbarcarola2.it\/de\/wp-json\/wp\/v2\/pages\/2145"}],"wp:attachment":[{"href":"https:\/\/www.hotelbarcarola2.it\/de\/wp-json\/wp\/v2\/media?parent=2118"}],"curies":[{"name":"wp","href":"https:\/\/api.w.org\/{rel}","templated":true}]}}