{"id":2175,"date":"2023-03-15T15:34:26","date_gmt":"2023-03-15T14:34:26","guid":{"rendered":"https:\/\/www.hotelbarcarola2.it\/hotel-bed-and-backery\/offerte\/"},"modified":"2026-03-03T10:06:58","modified_gmt":"2026-03-03T09:06:58","slug":"angebote","status":"publish","type":"page","link":"https:\/\/www.hotelbarcarola2.it\/de\/hotel-bed-and-bakery\/angebote\/","title":{"rendered":"Angebote"},"content":{"rendered":"\t\t<div data-elementor-type=\"wp-page\" data-elementor-id=\"2175\" class=\"elementor elementor-2175 elementor-1084\">\n\t\t\t\t\t\t<section class=\"elementor-section elementor-top-section elementor-element elementor-element-51f22bc elementor-section-boxed elementor-section-height-default elementor-section-height-default\" data-id=\"51f22bc\" data-element_type=\"section\" data-e-type=\"section\" data-settings=\"{&quot;background_background&quot;:&quot;classic&quot;}\">\n\t\t\t\t\t\t\t<div class=\"elementor-background-overlay\"><\/div>\n\t\t\t\t\t\t\t<div class=\"elementor-container elementor-column-gap-default\">\n\t\t\t\t\t<div class=\"elementor-column elementor-col-100 elementor-top-column elementor-element elementor-element-b9ae3f3\" data-id=\"b9ae3f3\" data-element_type=\"column\" data-e-type=\"column\">\n\t\t\t<div class=\"elementor-widget-wrap elementor-element-populated\">\n\t\t\t\t\t\t<div class=\"elementor-element elementor-element-6e4ffc7 elementor-widget elementor-widget-spacer\" data-id=\"6e4ffc7\" data-element_type=\"widget\" data-e-type=\"widget\" data-widget_type=\"spacer.default\">\n\t\t\t\t<div class=\"elementor-widget-container\">\n\t\t\t\t\t\t\t<div class=\"elementor-spacer\">\n\t\t\t<div class=\"elementor-spacer-inner\"><\/div>\n\t\t<\/div>\n\t\t\t\t\t\t<\/div>\n\t\t\t\t<\/div>\n\t\t\t\t\t<\/div>\n\t\t<\/div>\n\t\t\t\t\t<\/div>\n\t\t<\/section>\n\t\t\t\t<section class=\"elementor-section elementor-top-section elementor-element elementor-element-985b0e4 elementor-section-boxed elementor-section-height-default elementor-section-height-default\" data-id=\"985b0e4\" data-element_type=\"section\" data-e-type=\"section\" data-settings=\"{&quot;background_background&quot;:&quot;classic&quot;}\">\n\t\t\t\t\t\t<div class=\"elementor-container elementor-column-gap-wider\">\n\t\t\t\t\t<div class=\"elementor-column elementor-col-100 elementor-top-column elementor-element elementor-element-acae3f0\" data-id=\"acae3f0\" data-element_type=\"column\" data-e-type=\"column\">\n\t\t\t<div class=\"elementor-widget-wrap elementor-element-populated\">\n\t\t\t\t\t\t<div class=\"elementor-element elementor-element-c5c8cde elementor-widget elementor-widget-heading\" data-id=\"c5c8cde\" data-element_type=\"widget\" data-e-type=\"widget\" data-widget_type=\"heading.default\">\n\t\t\t\t<div class=\"elementor-widget-container\">\n\t\t\t\t\t<h2 class=\"elementor-heading-title elementor-size-default\">Angebote<\/h2>\t\t\t\t<\/div>\n\t\t\t\t<\/div>\n\t\t\t\t<div class=\"elementor-element elementor-element-ff37a6a elementor-widget elementor-widget-spacer\" data-id=\"ff37a6a\" data-element_type=\"widget\" data-e-type=\"widget\" data-widget_type=\"spacer.default\">\n\t\t\t\t<div class=\"elementor-widget-container\">\n\t\t\t\t\t\t\t<div class=\"elementor-spacer\">\n\t\t\t<div class=\"elementor-spacer-inner\"><\/div>\n\t\t<\/div>\n\t\t\t\t\t\t<\/div>\n\t\t\t\t<\/div>\n\t\t\t\t<section class=\"elementor-section elementor-inner-section elementor-element elementor-element-2451798 elementor-section-boxed elementor-section-height-default elementor-section-height-default\" data-id=\"2451798\" data-element_type=\"section\" data-e-type=\"section\">\n\t\t\t\t\t\t<div class=\"elementor-container elementor-column-gap-default\">\n\t\t\t\t\t<div class=\"elementor-column elementor-col-50 elementor-inner-column elementor-element elementor-element-4647cb9\" data-id=\"4647cb9\" data-element_type=\"column\" data-e-type=\"column\" data-settings=\"{&quot;background_background&quot;:&quot;classic&quot;}\">\n\t\t\t<div class=\"elementor-widget-wrap elementor-element-populated\">\n\t\t\t\t\t\t<div class=\"elementor-element elementor-element-1d9db72 elementor-widget elementor-widget-text-editor\" data-id=\"1d9db72\" data-element_type=\"widget\" data-e-type=\"widget\" data-widget_type=\"text-editor.default\">\n\t\t\t\t<div class=\"elementor-widget-container\">\n\t\t\t\t\t\t\t\t\t<h6>SEPTEMBER AM MEER \ud83c\udfd6\ufe0f<\/h6><p>15 % Rabatt \u2013 nur \u00dcbernachtung<\/p><h6><br \/>G\u00fcltig vom 30. August bis zum 30. September<\/h6>\t\t\t\t\t\t\t\t<\/div>\n\t\t\t\t<\/div>\n\t\t\t\t<div class=\"elementor-element elementor-element-438ca34 elementor-widget elementor-widget-button\" data-id=\"438ca34\" data-element_type=\"widget\" data-e-type=\"widget\" data-widget_type=\"button.default\">\n\t\t\t\t<div class=\"elementor-widget-container\">\n\t\t\t\t\t\t\t\t\t<div class=\"elementor-button-wrapper\">\n\t\t\t\t\t<a class=\"elementor-button elementor-button-link elementor-size-sm\" href=\"https:\/\/hospitality-guest.teamsystem.cloud\/quotation-request\/hotel-barcarola-2\" target=\"_blank\">\n\t\t\t\t\t\t<span class=\"elementor-button-content-wrapper\">\n\t\t\t\t\t\t\t\t\t<span class=\"elementor-button-text\">Kontaktieren Sie uns<\/span>\n\t\t\t\t\t<\/span>\n\t\t\t\t\t<\/a>\n\t\t\t\t<\/div>\n\t\t\t\t\t\t\t\t<\/div>\n\t\t\t\t<\/div>\n\t\t\t\t\t<\/div>\n\t\t<\/div>\n\t\t\t\t<div class=\"elementor-column elementor-col-50 elementor-inner-column elementor-element elementor-element-d93dfb5\" data-id=\"d93dfb5\" data-element_type=\"column\" data-e-type=\"column\" data-settings=\"{&quot;background_background&quot;:&quot;classic&quot;}\">\n\t\t\t<div class=\"elementor-widget-wrap elementor-element-populated\">\n\t\t\t\t\t\t<div class=\"elementor-element elementor-element-019aa1c elementor-widget elementor-widget-text-editor\" data-id=\"019aa1c\" data-element_type=\"widget\" data-e-type=\"widget\" data-widget_type=\"text-editor.default\">\n\t\t\t\t<div class=\"elementor-widget-container\">\n\t\t\t\t\t\t\t\t\t<h6>\ud83c\udfaf NICHT ERSTATTUNGSF\u00c4HIGES ANGEBOT \ud83c\udfaf<\/h6><p>10 % Rabatt auf die \u00dcbernachtung \u2013 mindestens 3 N\u00e4chte<\/p><h6>G\u00fcltig nur f\u00fcr Buchungen, die 15 Tage im Voraus get\u00e4tigt werden.<\/h6>\t\t\t\t\t\t\t\t<\/div>\n\t\t\t\t<\/div>\n\t\t\t\t<div class=\"elementor-element elementor-element-1c8b7a7 elementor-widget elementor-widget-button\" data-id=\"1c8b7a7\" data-element_type=\"widget\" data-e-type=\"widget\" data-widget_type=\"button.default\">\n\t\t\t\t<div class=\"elementor-widget-container\">\n\t\t\t\t\t\t\t\t\t<div class=\"elementor-button-wrapper\">\n\t\t\t\t\t<a class=\"elementor-button elementor-button-link elementor-size-sm\" href=\"https:\/\/hospitality-guest.teamsystem.cloud\/quotation-request\/hotel-barcarola-2\" target=\"_blank\">\n\t\t\t\t\t\t<span class=\"elementor-button-content-wrapper\">\n\t\t\t\t\t\t\t\t\t<span class=\"elementor-button-text\">Kontaktieren Sie uns<\/span>\n\t\t\t\t\t<\/span>\n\t\t\t\t\t<\/a>\n\t\t\t\t<\/div>\n\t\t\t\t\t\t\t\t<\/div>\n\t\t\t\t<\/div>\n\t\t\t\t\t<\/div>\n\t\t<\/div>\n\t\t\t\t\t<\/div>\n\t\t<\/section>\n\t\t\t\t\t<\/div>\n\t\t<\/div>\n\t\t\t\t\t<\/div>\n\t\t<\/section>\n\t\t\t\t<section class=\"elementor-section elementor-top-section elementor-element elementor-element-63d3400 elementor-section-boxed elementor-section-height-default elementor-section-height-default\" data-id=\"63d3400\" data-element_type=\"section\" data-e-type=\"section\" data-settings=\"{&quot;background_background&quot;:&quot;classic&quot;}\">\n\t\t\t\t\t\t<div class=\"elementor-container elementor-column-gap-wider\">\n\t\t\t\t\t<div class=\"elementor-column elementor-col-100 elementor-top-column elementor-element elementor-element-c858fa6\" data-id=\"c858fa6\" data-element_type=\"column\" data-e-type=\"column\">\n\t\t\t<div class=\"elementor-widget-wrap elementor-element-populated\">\n\t\t\t\t\t\t<div class=\"elementor-element elementor-element-d7b1b8e elementor-widget elementor-widget-spacer\" data-id=\"d7b1b8e\" data-element_type=\"widget\" data-e-type=\"widget\" data-widget_type=\"spacer.default\">\n\t\t\t\t<div class=\"elementor-widget-container\">\n\t\t\t\t\t\t\t<div class=\"elementor-spacer\">\n\t\t\t<div class=\"elementor-spacer-inner\"><\/div>\n\t\t<\/div>\n\t\t\t\t\t\t<\/div>\n\t\t\t\t<\/div>\n\t\t\t\t\t<\/div>\n\t\t<\/div>\n\t\t\t\t\t<\/div>\n\t\t<\/section>\n\t\t\t\t<\/div>\n\t\t","protected":false},"excerpt":{"rendered":"<p>Angebote SEPTEMBER AM MEER \ud83c\udfd6\ufe0f 15 % Rabatt \u2013 nur \u00dcbernachtung G\u00fcltig vom 30. August bis zum 30. September Kontaktieren Sie uns \ud83c\udfaf NICHT ERSTATTUNGSF\u00c4HIGES ANGEBOT \ud83c\udfaf 10 % Rabatt auf die \u00dcbernachtung \u2013 mindestens 3 N\u00e4chte G\u00fcltig nur f\u00fcr Buchungen, die 15 Tage im Voraus get\u00e4tigt werden. Kontaktieren Sie uns<\/p>\n","protected":false},"author":1,"featured_media":0,"parent":1980,"menu_order":4,"comment_status":"closed","ping_status":"closed","template":"tpl-default-elementor.php","meta":{"_mo_disable_npp":"","footnotes":""},"class_list":["post-2175","page","type-page","status-publish","hentry"],"yoast_head":"<!-- This site is optimized with the Yoast SEO plugin v27.3 - https:\/\/yoast.com\/product\/yoast-seo-wordpress\/ -->\n<title>Angebote - Hotel Barcarola 2 - Marina di Campo, Insel Elba<\/title>\n<meta name=\"robots\" content=\"index, follow, max-snippet:-1, max-image-preview:large, max-video-preview:-1\" \/>\n<link rel=\"canonical\" href=\"https:\/\/www.hotelbarcarola2.it\/de\/hotel-bed-and-bakery\/angebote\/\" \/>\n<meta property=\"og:locale\" content=\"de_DE\" \/>\n<meta property=\"og:type\" content=\"article\" \/>\n<meta property=\"og:title\" content=\"Angebote - Hotel Barcarola 2 - Marina di Campo, Insel Elba\" \/>\n<meta property=\"og:description\" content=\"Angebote SEPTEMBER AM MEER \ud83c\udfd6\ufe0f 15 % Rabatt \u2013 nur \u00dcbernachtung G\u00fcltig vom 30. August bis zum 30. September Kontaktieren Sie uns \ud83c\udfaf NICHT ERSTATTUNGSF\u00c4HIGES ANGEBOT \ud83c\udfaf 10 % Rabatt auf die \u00dcbernachtung \u2013 mindestens 3 N\u00e4chte G\u00fcltig nur f\u00fcr Buchungen, die 15 Tage im Voraus get\u00e4tigt werden. Kontaktieren Sie uns\" \/>\n<meta property=\"og:url\" content=\"https:\/\/www.hotelbarcarola2.it\/de\/hotel-bed-and-bakery\/angebote\/\" \/>\n<meta property=\"og:site_name\" content=\"Hotel Barcarola 2\" \/>\n<meta property=\"article:publisher\" content=\"https:\/\/www.facebook.com\/HotelBarcarola2\" \/>\n<meta property=\"article:modified_time\" content=\"2026-03-03T09:06:58+00:00\" \/>\n<meta name=\"twitter:card\" content=\"summary_large_image\" \/>\n<script type=\"application\/ld+json\" class=\"yoast-schema-graph\">{\"@context\":\"https:\\\/\\\/schema.org\",\"@graph\":[{\"@type\":\"WebPage\",\"@id\":\"https:\\\/\\\/www.hotelbarcarola2.it\\\/de\\\/hotel-bed-and-bakery\\\/angebote\\\/\",\"url\":\"https:\\\/\\\/www.hotelbarcarola2.it\\\/de\\\/hotel-bed-and-bakery\\\/angebote\\\/\",\"name\":\"Angebote - Hotel Barcarola 2 - Marina di Campo, Insel Elba\",\"isPartOf\":{\"@id\":\"https:\\\/\\\/www.hotelbarcarola2.it\\\/de\\\/#website\"},\"datePublished\":\"2023-03-15T14:34:26+00:00\",\"dateModified\":\"2026-03-03T09:06:58+00:00\",\"breadcrumb\":{\"@id\":\"https:\\\/\\\/www.hotelbarcarola2.it\\\/de\\\/hotel-bed-and-bakery\\\/angebote\\\/#breadcrumb\"},\"inLanguage\":\"de\",\"potentialAction\":[{\"@type\":\"ReadAction\",\"target\":[\"https:\\\/\\\/www.hotelbarcarola2.it\\\/de\\\/hotel-bed-and-bakery\\\/angebote\\\/\"]}]},{\"@type\":\"BreadcrumbList\",\"@id\":\"https:\\\/\\\/www.hotelbarcarola2.it\\\/de\\\/hotel-bed-and-bakery\\\/angebote\\\/#breadcrumb\",\"itemListElement\":[{\"@type\":\"ListItem\",\"position\":1,\"name\":\"Home\",\"item\":\"https:\\\/\\\/www.hotelbarcarola2.it\\\/de\\\/\"},{\"@type\":\"ListItem\",\"position\":2,\"name\":\"Hotel Bed &#038; Bakery\",\"item\":\"https:\\\/\\\/www.hotelbarcarola2.it\\\/de\\\/hotel-bed-and-bakery\\\/\"},{\"@type\":\"ListItem\",\"position\":3,\"name\":\"Angebote\"}]},{\"@type\":\"WebSite\",\"@id\":\"https:\\\/\\\/www.hotelbarcarola2.it\\\/de\\\/#website\",\"url\":\"https:\\\/\\\/www.hotelbarcarola2.it\\\/de\\\/\",\"name\":\"www.hotelbarcarola2.it\",\"description\":\"Marina di Campo, Insel Elba\",\"publisher\":{\"@id\":\"https:\\\/\\\/www.hotelbarcarola2.it\\\/de\\\/#organization\"},\"potentialAction\":[{\"@type\":\"SearchAction\",\"target\":{\"@type\":\"EntryPoint\",\"urlTemplate\":\"https:\\\/\\\/www.hotelbarcarola2.it\\\/de\\\/?s={search_term_string}\"},\"query-input\":{\"@type\":\"PropertyValueSpecification\",\"valueRequired\":true,\"valueName\":\"search_term_string\"}}],\"inLanguage\":\"de\"},{\"@type\":\"Organization\",\"@id\":\"https:\\\/\\\/www.hotelbarcarola2.it\\\/de\\\/#organization\",\"name\":\"www.hotelbarcarola2.it\",\"url\":\"https:\\\/\\\/www.hotelbarcarola2.it\\\/de\\\/\",\"logo\":{\"@type\":\"ImageObject\",\"inLanguage\":\"de\",\"@id\":\"https:\\\/\\\/www.hotelbarcarola2.it\\\/de\\\/#\\\/schema\\\/logo\\\/image\\\/\",\"url\":\"https:\\\/\\\/www.hotelbarcarola2.it\\\/wp-content\\\/uploads\\\/hotel_barcarola_2.png\",\"contentUrl\":\"https:\\\/\\\/www.hotelbarcarola2.it\\\/wp-content\\\/uploads\\\/hotel_barcarola_2.png\",\"width\":600,\"height\":102,\"caption\":\"www.hotelbarcarola2.it\"},\"image\":{\"@id\":\"https:\\\/\\\/www.hotelbarcarola2.it\\\/de\\\/#\\\/schema\\\/logo\\\/image\\\/\"},\"sameAs\":[\"https:\\\/\\\/www.facebook.com\\\/HotelBarcarola2\"]}]}<\/script>\n<!-- \/ Yoast SEO plugin. -->","yoast_head_json":{"title":"Angebote - Hotel Barcarola 2 - Marina di Campo, Insel Elba","robots":{"index":"index","follow":"follow","max-snippet":"max-snippet:-1","max-image-preview":"max-image-preview:large","max-video-preview":"max-video-preview:-1"},"canonical":"https:\/\/www.hotelbarcarola2.it\/de\/hotel-bed-and-bakery\/angebote\/","og_locale":"de_DE","og_type":"article","og_title":"Angebote - Hotel Barcarola 2 - Marina di Campo, Insel Elba","og_description":"Angebote SEPTEMBER AM MEER \ud83c\udfd6\ufe0f 15 % Rabatt \u2013 nur \u00dcbernachtung G\u00fcltig vom 30. August bis zum 30. September Kontaktieren Sie uns \ud83c\udfaf NICHT ERSTATTUNGSF\u00c4HIGES ANGEBOT \ud83c\udfaf 10 % Rabatt auf die \u00dcbernachtung \u2013 mindestens 3 N\u00e4chte G\u00fcltig nur f\u00fcr Buchungen, die 15 Tage im Voraus get\u00e4tigt werden. Kontaktieren Sie uns","og_url":"https:\/\/www.hotelbarcarola2.it\/de\/hotel-bed-and-bakery\/angebote\/","og_site_name":"Hotel Barcarola 2","article_publisher":"https:\/\/www.facebook.com\/HotelBarcarola2","article_modified_time":"2026-03-03T09:06:58+00:00","twitter_card":"summary_large_image","schema":{"@context":"https:\/\/schema.org","@graph":[{"@type":"WebPage","@id":"https:\/\/www.hotelbarcarola2.it\/de\/hotel-bed-and-bakery\/angebote\/","url":"https:\/\/www.hotelbarcarola2.it\/de\/hotel-bed-and-bakery\/angebote\/","name":"Angebote - Hotel Barcarola 2 - Marina di Campo, Insel Elba","isPartOf":{"@id":"https:\/\/www.hotelbarcarola2.it\/de\/#website"},"datePublished":"2023-03-15T14:34:26+00:00","dateModified":"2026-03-03T09:06:58+00:00","breadcrumb":{"@id":"https:\/\/www.hotelbarcarola2.it\/de\/hotel-bed-and-bakery\/angebote\/#breadcrumb"},"inLanguage":"de","potentialAction":[{"@type":"ReadAction","target":["https:\/\/www.hotelbarcarola2.it\/de\/hotel-bed-and-bakery\/angebote\/"]}]},{"@type":"BreadcrumbList","@id":"https:\/\/www.hotelbarcarola2.it\/de\/hotel-bed-and-bakery\/angebote\/#breadcrumb","itemListElement":[{"@type":"ListItem","position":1,"name":"Home","item":"https:\/\/www.hotelbarcarola2.it\/de\/"},{"@type":"ListItem","position":2,"name":"Hotel Bed &#038; Bakery","item":"https:\/\/www.hotelbarcarola2.it\/de\/hotel-bed-and-bakery\/"},{"@type":"ListItem","position":3,"name":"Angebote"}]},{"@type":"WebSite","@id":"https:\/\/www.hotelbarcarola2.it\/de\/#website","url":"https:\/\/www.hotelbarcarola2.it\/de\/","name":"www.hotelbarcarola2.it","description":"Marina di Campo, Insel Elba","publisher":{"@id":"https:\/\/www.hotelbarcarola2.it\/de\/#organization"},"potentialAction":[{"@type":"SearchAction","target":{"@type":"EntryPoint","urlTemplate":"https:\/\/www.hotelbarcarola2.it\/de\/?s={search_term_string}"},"query-input":{"@type":"PropertyValueSpecification","valueRequired":true,"valueName":"search_term_string"}}],"inLanguage":"de"},{"@type":"Organization","@id":"https:\/\/www.hotelbarcarola2.it\/de\/#organization","name":"www.hotelbarcarola2.it","url":"https:\/\/www.hotelbarcarola2.it\/de\/","logo":{"@type":"ImageObject","inLanguage":"de","@id":"https:\/\/www.hotelbarcarola2.it\/de\/#\/schema\/logo\/image\/","url":"https:\/\/www.hotelbarcarola2.it\/wp-content\/uploads\/hotel_barcarola_2.png","contentUrl":"https:\/\/www.hotelbarcarola2.it\/wp-content\/uploads\/hotel_barcarola_2.png","width":600,"height":102,"caption":"www.hotelbarcarola2.it"},"image":{"@id":"https:\/\/www.hotelbarcarola2.it\/de\/#\/schema\/logo\/image\/"},"sameAs":["https:\/\/www.facebook.com\/HotelBarcarola2"]}]}},"_links":{"self":[{"href":"https:\/\/www.hotelbarcarola2.it\/de\/wp-json\/wp\/v2\/pages\/2175","targetHints":{"allow":["GET"]}}],"collection":[{"href":"https:\/\/www.hotelbarcarola2.it\/de\/wp-json\/wp\/v2\/pages"}],"about":[{"href":"https:\/\/www.hotelbarcarola2.it\/de\/wp-json\/wp\/v2\/types\/page"}],"author":[{"embeddable":true,"href":"https:\/\/www.hotelbarcarola2.it\/de\/wp-json\/wp\/v2\/users\/1"}],"replies":[{"embeddable":true,"href":"https:\/\/www.hotelbarcarola2.it\/de\/wp-json\/wp\/v2\/comments?post=2175"}],"version-history":[{"count":46,"href":"https:\/\/www.hotelbarcarola2.it\/de\/wp-json\/wp\/v2\/pages\/2175\/revisions"}],"predecessor-version":[{"id":3861,"href":"https:\/\/www.hotelbarcarola2.it\/de\/wp-json\/wp\/v2\/pages\/2175\/revisions\/3861"}],"up":[{"embeddable":true,"href":"https:\/\/www.hotelbarcarola2.it\/de\/wp-json\/wp\/v2\/pages\/1980"}],"wp:attachment":[{"href":"https:\/\/www.hotelbarcarola2.it\/de\/wp-json\/wp\/v2\/media?parent=2175"}],"curies":[{"name":"wp","href":"https:\/\/api.w.org\/{rel}","templated":true}]}}