{"id":2207,"date":"2023-03-15T12:47:53","date_gmt":"2023-03-15T11:47:53","guid":{"rendered":"https:\/\/www.hotelbarcarola2.it\/insel-elba\/come-arrivare\/"},"modified":"2023-04-03T12:07:47","modified_gmt":"2023-04-03T10:07:47","slug":"ankommen","status":"publish","type":"page","link":"https:\/\/www.hotelbarcarola2.it\/de\/insel-elba\/ankommen\/","title":{"rendered":"Ankommen"},"content":{"rendered":"\t\t<div data-elementor-type=\"wp-page\" data-elementor-id=\"2207\" class=\"elementor elementor-2207 elementor-1067\">\n\t\t\t\t\t\t<section class=\"elementor-section elementor-top-section elementor-element elementor-element-51f22bc elementor-section-boxed elementor-section-height-default elementor-section-height-default\" data-id=\"51f22bc\" data-element_type=\"section\" data-e-type=\"section\" data-settings=\"{&quot;background_background&quot;:&quot;classic&quot;}\">\n\t\t\t\t\t\t\t<div class=\"elementor-background-overlay\"><\/div>\n\t\t\t\t\t\t\t<div class=\"elementor-container elementor-column-gap-default\">\n\t\t\t\t\t<div class=\"elementor-column elementor-col-100 elementor-top-column elementor-element elementor-element-b9ae3f3\" data-id=\"b9ae3f3\" data-element_type=\"column\" data-e-type=\"column\">\n\t\t\t<div class=\"elementor-widget-wrap elementor-element-populated\">\n\t\t\t\t\t\t<div class=\"elementor-element elementor-element-6e4ffc7 elementor-widget elementor-widget-spacer\" data-id=\"6e4ffc7\" data-element_type=\"widget\" data-e-type=\"widget\" data-widget_type=\"spacer.default\">\n\t\t\t\t<div class=\"elementor-widget-container\">\n\t\t\t\t\t\t\t<div class=\"elementor-spacer\">\n\t\t\t<div class=\"elementor-spacer-inner\"><\/div>\n\t\t<\/div>\n\t\t\t\t\t\t<\/div>\n\t\t\t\t<\/div>\n\t\t\t\t\t<\/div>\n\t\t<\/div>\n\t\t\t\t\t<\/div>\n\t\t<\/section>\n\t\t\t\t<section class=\"elementor-section elementor-top-section elementor-element elementor-element-985b0e4 elementor-section-boxed elementor-section-height-default elementor-section-height-default\" data-id=\"985b0e4\" data-element_type=\"section\" data-e-type=\"section\" data-settings=\"{&quot;background_background&quot;:&quot;classic&quot;}\">\n\t\t\t\t\t\t<div class=\"elementor-container elementor-column-gap-wider\">\n\t\t\t\t\t<div class=\"elementor-column elementor-col-100 elementor-top-column elementor-element elementor-element-acae3f0\" data-id=\"acae3f0\" data-element_type=\"column\" data-e-type=\"column\">\n\t\t\t<div class=\"elementor-widget-wrap elementor-element-populated\">\n\t\t\t\t\t\t<div class=\"elementor-element elementor-element-c5c8cde elementor-widget elementor-widget-heading\" data-id=\"c5c8cde\" data-element_type=\"widget\" data-e-type=\"widget\" data-widget_type=\"heading.default\">\n\t\t\t\t<div class=\"elementor-widget-container\">\n\t\t\t\t\t<h2 class=\"elementor-heading-title elementor-size-default\">Ankommen auf Elba<\/h2>\t\t\t\t<\/div>\n\t\t\t\t<\/div>\n\t\t\t\t<div class=\"elementor-element elementor-element-015beed elementor-widget elementor-widget-spacer\" data-id=\"015beed\" data-element_type=\"widget\" data-e-type=\"widget\" data-widget_type=\"spacer.default\">\n\t\t\t\t<div class=\"elementor-widget-container\">\n\t\t\t\t\t\t\t<div class=\"elementor-spacer\">\n\t\t\t<div class=\"elementor-spacer-inner\"><\/div>\n\t\t<\/div>\n\t\t\t\t\t\t<\/div>\n\t\t\t\t<\/div>\n\t\t\t\t<div class=\"elementor-element elementor-element-c9e32c1 elementor-widget elementor-widget-text-editor\" data-id=\"c9e32c1\" data-element_type=\"widget\" data-e-type=\"widget\" data-widget_type=\"text-editor.default\">\n\t\t\t\t<div class=\"elementor-widget-container\">\n\t\t\t\t\t\t\t\t\t<p>Elba ist mit der F\u00e4hre von Piombino Marittima aus erreichbar. Es gibt dort vier F\u00e4hrgesellschaften (Toremar, Blu Navy, Moby Lines und Corsica Ferries) die \u00fcber komfortable F\u00e4hrschiffe verf\u00fcgen und die die Insel mehrmals t\u00e4glich anfahren. In einer Stunde (30 Minute mit Corsica Ferries) erreicht man die Insel Elba (zwischen Kontinent und Insel sind es 10 Km.) und seine H\u00e4fen von Portoferraio (der Haupthafen), Cavo und Rio Marina.<\/p><p>Als Alternative gibt es auch eine Schnellverbindung mit dem Tragfl\u00e4chenboot, nur f\u00fcr Passagiere ohne Auto, die Portoferraio nach nur 35 Minuten erreicht.<\/p>\t\t\t\t\t\t\t\t<\/div>\n\t\t\t\t<\/div>\n\t\t\t\t<div class=\"elementor-element elementor-element-986cc9d elementor-align-center elementor-widget elementor-widget-button\" data-id=\"986cc9d\" data-element_type=\"widget\" data-e-type=\"widget\" data-widget_type=\"button.default\">\n\t\t\t\t<div class=\"elementor-widget-container\">\n\t\t\t\t\t\t\t\t\t<div class=\"elementor-button-wrapper\">\n\t\t\t\t\t<a class=\"elementor-button elementor-button-link elementor-size-sm\" href=\"\/de\/insel-elba\/faehren\/\">\n\t\t\t\t\t\t<span class=\"elementor-button-content-wrapper\">\n\t\t\t\t\t\t\t\t\t<span class=\"elementor-button-text\">Hier anklicken, um die F\u00e4hre online zu buchen<\/span>\n\t\t\t\t\t<\/span>\n\t\t\t\t\t<\/a>\n\t\t\t\t<\/div>\n\t\t\t\t\t\t\t\t<\/div>\n\t\t\t\t<\/div>\n\t\t\t\t\t<\/div>\n\t\t<\/div>\n\t\t\t\t\t<\/div>\n\t\t<\/section>\n\t\t\t\t<section class=\"elementor-section elementor-top-section elementor-element elementor-element-63d3400 elementor-section-boxed elementor-section-height-default elementor-section-height-default\" data-id=\"63d3400\" data-element_type=\"section\" data-e-type=\"section\" data-settings=\"{&quot;background_background&quot;:&quot;classic&quot;}\">\n\t\t\t\t\t\t<div class=\"elementor-container elementor-column-gap-wider\">\n\t\t\t\t\t<div class=\"elementor-column elementor-col-100 elementor-top-column elementor-element elementor-element-c858fa6\" data-id=\"c858fa6\" data-element_type=\"column\" data-e-type=\"column\">\n\t\t\t<div class=\"elementor-widget-wrap elementor-element-populated\">\n\t\t\t\t\t\t<div class=\"elementor-element elementor-element-5f5cabe elementor-widget elementor-widget-heading\" data-id=\"5f5cabe\" data-element_type=\"widget\" data-e-type=\"widget\" data-widget_type=\"heading.default\">\n\t\t\t\t<div class=\"elementor-widget-container\">\n\t\t\t\t\t<h4 class=\"elementor-heading-title elementor-size-default\">Mit dem Auto<\/h4>\t\t\t\t<\/div>\n\t\t\t\t<\/div>\n\t\t\t\t<div class=\"elementor-element elementor-element-31dee04 elementor-widget elementor-widget-text-editor\" data-id=\"31dee04\" data-element_type=\"widget\" data-e-type=\"widget\" data-widget_type=\"text-editor.default\">\n\t\t\t\t<div class=\"elementor-widget-container\">\n\t\t\t\t\t\t\t\t\t<ul class=\"blist\"><li><b>Von Norden:<\/b> Von Milano Autobahn A1, dann in Parma West auf die A15 um die A12 Genova-Livorno zu nehmen, dann weiter auf der S.G.C. bis Venturina-Isola d&#8217;Elba und von da nach Piombino Marittima.<br \/><br \/><\/li><li><b>Von Nord &#8211; Osten:<\/b> Autobahn A1 Bologna-Firenze-Pisa-Livorno: dann weiter auf der S.G.C. bis Venturina-Isola d&#8217;Elba und von dort nach Piombino Marittima.<br \/>Als Alternative, die S.G.C. Firenze-Pisa-Livorno: Ausfahrt Firenze Scandicci, dann weiter auf der S.S. bis Collesalvetti, dann wieder auf die Autobahn bis Rosignano Marittimo, dann die Schnellstrasse Venturina-Isola d&#8217;Elba und dann von dort Piombino Marittima.<br \/><br \/><\/li><li><b>Von S\u00fcden:<\/b> Autobahn A12 Roma-Grosseto: S.S. Aurelia Ausfahrt Venturina-Isola d&#8217;Elba, weiter bis Piombino Marittima.<\/li><\/ul>\t\t\t\t\t\t\t\t<\/div>\n\t\t\t\t<\/div>\n\t\t\t\t<div class=\"elementor-element elementor-element-54d6959 elementor-widget elementor-widget-spacer\" data-id=\"54d6959\" data-element_type=\"widget\" data-e-type=\"widget\" data-widget_type=\"spacer.default\">\n\t\t\t\t<div class=\"elementor-widget-container\">\n\t\t\t\t\t\t\t<div class=\"elementor-spacer\">\n\t\t\t<div class=\"elementor-spacer-inner\"><\/div>\n\t\t<\/div>\n\t\t\t\t\t\t<\/div>\n\t\t\t\t<\/div>\n\t\t\t\t<div class=\"elementor-element elementor-element-8111d77 elementor-widget elementor-widget-heading\" data-id=\"8111d77\" data-element_type=\"widget\" data-e-type=\"widget\" data-widget_type=\"heading.default\">\n\t\t\t\t<div class=\"elementor-widget-container\">\n\t\t\t\t\t<h4 class=\"elementor-heading-title elementor-size-default\">Mit dem Flugzeug<\/h4>\t\t\t\t<\/div>\n\t\t\t\t<\/div>\n\t\t\t\t<div class=\"elementor-element elementor-element-dd1917c elementor-widget elementor-widget-text-editor\" data-id=\"dd1917c\" data-element_type=\"widget\" data-e-type=\"widget\" data-widget_type=\"text-editor.default\">\n\t\t\t\t<div class=\"elementor-widget-container\">\n\t\t\t\t\t\t\t\t\t<p>Der Flughafen befindet sich in Marina di Campo. W\u00e4hrend des Sommers gibt es Verbindungen mit Milano, Pisa, Firenze, Bologna (I), Lugano (CH).<br \/>International Flughafen: Pisa &#8211; Florenz &#8211; Rome. Der Flugplatz befindet sich in Loc. La Pila, 3 Km von unserem Hotel entfernt.<\/p>\t\t\t\t\t\t\t\t<\/div>\n\t\t\t\t<\/div>\n\t\t\t\t<div class=\"elementor-element elementor-element-afbff44 elementor-widget elementor-widget-spacer\" data-id=\"afbff44\" data-element_type=\"widget\" data-e-type=\"widget\" data-widget_type=\"spacer.default\">\n\t\t\t\t<div class=\"elementor-widget-container\">\n\t\t\t\t\t\t\t<div class=\"elementor-spacer\">\n\t\t\t<div class=\"elementor-spacer-inner\"><\/div>\n\t\t<\/div>\n\t\t\t\t\t\t<\/div>\n\t\t\t\t<\/div>\n\t\t\t\t<div class=\"elementor-element elementor-element-66a247d elementor-widget elementor-widget-heading\" data-id=\"66a247d\" data-element_type=\"widget\" data-e-type=\"widget\" data-widget_type=\"heading.default\">\n\t\t\t\t<div class=\"elementor-widget-container\">\n\t\t\t\t\t<h4 class=\"elementor-heading-title elementor-size-default\">Mit dem Zug<\/h4>\t\t\t\t<\/div>\n\t\t\t\t<\/div>\n\t\t\t\t<div class=\"elementor-element elementor-element-0ad63f9 elementor-widget elementor-widget-text-editor\" data-id=\"0ad63f9\" data-element_type=\"widget\" data-e-type=\"widget\" data-widget_type=\"text-editor.default\">\n\t\t\t\t<div class=\"elementor-widget-container\">\n\t\t\t\t\t\t\t\t\t<p>Der Ankunftsbahnhof, um die F\u00e4hre zu nehmen, ist Piombino Marittima (www.trenitalia.com).<\/p>\t\t\t\t\t\t\t\t<\/div>\n\t\t\t\t<\/div>\n\t\t\t\t\t<\/div>\n\t\t<\/div>\n\t\t\t\t\t<\/div>\n\t\t<\/section>\n\t\t\t\t<\/div>\n\t\t","protected":false},"excerpt":{"rendered":"<p>Ankommen auf Elba Elba ist mit der F\u00e4hre von Piombino Marittima aus erreichbar. Es gibt dort vier F\u00e4hrgesellschaften (Toremar, Blu Navy, Moby Lines und Corsica Ferries) die \u00fcber komfortable F\u00e4hrschiffe verf\u00fcgen und die die Insel mehrmals t\u00e4glich anfahren. In einer Stunde (30 Minute mit Corsica Ferries) erreicht man die Insel Elba (zwischen Kontinent und Insel [&hellip;]<\/p>\n","protected":false},"author":1,"featured_media":0,"parent":2075,"menu_order":1,"comment_status":"closed","ping_status":"closed","template":"tpl-default-elementor.php","meta":{"_mo_disable_npp":"","footnotes":""},"class_list":["post-2207","page","type-page","status-publish","hentry"],"yoast_head":"<!-- This site is optimized with the Yoast SEO plugin v27.4 - https:\/\/yoast.com\/product\/yoast-seo-wordpress\/ -->\n<title>Ankommen - Hotel Barcarola 2 - Marina di Campo, Insel Elba<\/title>\n<meta name=\"description\" content=\"Elba ist mit der F\u00e4hre von Piombino Marittima aus erreichbar. Es gibt dort vier F\u00e4hrgesellschaften (Toremar, Blu Navy, Moby Lines und Corsica Ferries).\" \/>\n<meta name=\"robots\" content=\"index, follow, max-snippet:-1, max-image-preview:large, max-video-preview:-1\" \/>\n<link rel=\"canonical\" href=\"https:\/\/www.hotelbarcarola2.it\/de\/insel-elba\/ankommen\/\" \/>\n<meta property=\"og:locale\" content=\"de_DE\" \/>\n<meta property=\"og:type\" content=\"article\" \/>\n<meta property=\"og:title\" content=\"Ankommen - Hotel Barcarola 2 - Marina di Campo, Insel Elba\" \/>\n<meta property=\"og:description\" content=\"Elba ist mit der F\u00e4hre von Piombino Marittima aus erreichbar. Es gibt dort vier F\u00e4hrgesellschaften (Toremar, Blu Navy, Moby Lines und Corsica Ferries).\" \/>\n<meta property=\"og:url\" content=\"https:\/\/www.hotelbarcarola2.it\/de\/insel-elba\/ankommen\/\" \/>\n<meta property=\"og:site_name\" content=\"Hotel Barcarola 2\" \/>\n<meta property=\"article:publisher\" content=\"https:\/\/www.facebook.com\/HotelBarcarola2\" \/>\n<meta property=\"article:modified_time\" content=\"2023-04-03T10:07:47+00:00\" \/>\n<meta name=\"twitter:card\" content=\"summary_large_image\" \/>\n<meta name=\"twitter:label1\" content=\"Gesch\u00e4tzte Lesezeit\" \/>\n\t<meta name=\"twitter:data1\" content=\"1\u00a0Minute\" \/>\n<script type=\"application\/ld+json\" class=\"yoast-schema-graph\">{\"@context\":\"https:\\\/\\\/schema.org\",\"@graph\":[{\"@type\":\"WebPage\",\"@id\":\"https:\\\/\\\/www.hotelbarcarola2.it\\\/de\\\/insel-elba\\\/ankommen\\\/\",\"url\":\"https:\\\/\\\/www.hotelbarcarola2.it\\\/de\\\/insel-elba\\\/ankommen\\\/\",\"name\":\"Ankommen - Hotel Barcarola 2 - Marina di Campo, Insel Elba\",\"isPartOf\":{\"@id\":\"https:\\\/\\\/www.hotelbarcarola2.it\\\/de\\\/#website\"},\"datePublished\":\"2023-03-15T11:47:53+00:00\",\"dateModified\":\"2023-04-03T10:07:47+00:00\",\"description\":\"Elba ist mit der F\u00e4hre von Piombino Marittima aus erreichbar. Es gibt dort vier F\u00e4hrgesellschaften (Toremar, Blu Navy, Moby Lines und Corsica Ferries).\",\"breadcrumb\":{\"@id\":\"https:\\\/\\\/www.hotelbarcarola2.it\\\/de\\\/insel-elba\\\/ankommen\\\/#breadcrumb\"},\"inLanguage\":\"de\",\"potentialAction\":[{\"@type\":\"ReadAction\",\"target\":[\"https:\\\/\\\/www.hotelbarcarola2.it\\\/de\\\/insel-elba\\\/ankommen\\\/\"]}]},{\"@type\":\"BreadcrumbList\",\"@id\":\"https:\\\/\\\/www.hotelbarcarola2.it\\\/de\\\/insel-elba\\\/ankommen\\\/#breadcrumb\",\"itemListElement\":[{\"@type\":\"ListItem\",\"position\":1,\"name\":\"Home\",\"item\":\"https:\\\/\\\/www.hotelbarcarola2.it\\\/de\\\/\"},{\"@type\":\"ListItem\",\"position\":2,\"name\":\"Insel Elba\",\"item\":\"https:\\\/\\\/www.hotelbarcarola2.it\\\/de\\\/insel-elba\\\/\"},{\"@type\":\"ListItem\",\"position\":3,\"name\":\"Ankommen\"}]},{\"@type\":\"WebSite\",\"@id\":\"https:\\\/\\\/www.hotelbarcarola2.it\\\/de\\\/#website\",\"url\":\"https:\\\/\\\/www.hotelbarcarola2.it\\\/de\\\/\",\"name\":\"www.hotelbarcarola2.it\",\"description\":\"Marina di Campo, Insel Elba\",\"publisher\":{\"@id\":\"https:\\\/\\\/www.hotelbarcarola2.it\\\/de\\\/#organization\"},\"potentialAction\":[{\"@type\":\"SearchAction\",\"target\":{\"@type\":\"EntryPoint\",\"urlTemplate\":\"https:\\\/\\\/www.hotelbarcarola2.it\\\/de\\\/?s={search_term_string}\"},\"query-input\":{\"@type\":\"PropertyValueSpecification\",\"valueRequired\":true,\"valueName\":\"search_term_string\"}}],\"inLanguage\":\"de\"},{\"@type\":\"Organization\",\"@id\":\"https:\\\/\\\/www.hotelbarcarola2.it\\\/de\\\/#organization\",\"name\":\"www.hotelbarcarola2.it\",\"url\":\"https:\\\/\\\/www.hotelbarcarola2.it\\\/de\\\/\",\"logo\":{\"@type\":\"ImageObject\",\"inLanguage\":\"de\",\"@id\":\"https:\\\/\\\/www.hotelbarcarola2.it\\\/de\\\/#\\\/schema\\\/logo\\\/image\\\/\",\"url\":\"https:\\\/\\\/www.hotelbarcarola2.it\\\/wp-content\\\/uploads\\\/hotel_barcarola_2.png\",\"contentUrl\":\"https:\\\/\\\/www.hotelbarcarola2.it\\\/wp-content\\\/uploads\\\/hotel_barcarola_2.png\",\"width\":600,\"height\":102,\"caption\":\"www.hotelbarcarola2.it\"},\"image\":{\"@id\":\"https:\\\/\\\/www.hotelbarcarola2.it\\\/de\\\/#\\\/schema\\\/logo\\\/image\\\/\"},\"sameAs\":[\"https:\\\/\\\/www.facebook.com\\\/HotelBarcarola2\"]}]}<\/script>\n<!-- \/ Yoast SEO plugin. -->","yoast_head_json":{"title":"Ankommen - Hotel Barcarola 2 - Marina di Campo, Insel Elba","description":"Elba ist mit der F\u00e4hre von Piombino Marittima aus erreichbar. Es gibt dort vier F\u00e4hrgesellschaften (Toremar, Blu Navy, Moby Lines und Corsica Ferries).","robots":{"index":"index","follow":"follow","max-snippet":"max-snippet:-1","max-image-preview":"max-image-preview:large","max-video-preview":"max-video-preview:-1"},"canonical":"https:\/\/www.hotelbarcarola2.it\/de\/insel-elba\/ankommen\/","og_locale":"de_DE","og_type":"article","og_title":"Ankommen - Hotel Barcarola 2 - Marina di Campo, Insel Elba","og_description":"Elba ist mit der F\u00e4hre von Piombino Marittima aus erreichbar. Es gibt dort vier F\u00e4hrgesellschaften (Toremar, Blu Navy, Moby Lines und Corsica Ferries).","og_url":"https:\/\/www.hotelbarcarola2.it\/de\/insel-elba\/ankommen\/","og_site_name":"Hotel Barcarola 2","article_publisher":"https:\/\/www.facebook.com\/HotelBarcarola2","article_modified_time":"2023-04-03T10:07:47+00:00","twitter_card":"summary_large_image","twitter_misc":{"Gesch\u00e4tzte Lesezeit":"1\u00a0Minute"},"schema":{"@context":"https:\/\/schema.org","@graph":[{"@type":"WebPage","@id":"https:\/\/www.hotelbarcarola2.it\/de\/insel-elba\/ankommen\/","url":"https:\/\/www.hotelbarcarola2.it\/de\/insel-elba\/ankommen\/","name":"Ankommen - Hotel Barcarola 2 - Marina di Campo, Insel Elba","isPartOf":{"@id":"https:\/\/www.hotelbarcarola2.it\/de\/#website"},"datePublished":"2023-03-15T11:47:53+00:00","dateModified":"2023-04-03T10:07:47+00:00","description":"Elba ist mit der F\u00e4hre von Piombino Marittima aus erreichbar. Es gibt dort vier F\u00e4hrgesellschaften (Toremar, Blu Navy, Moby Lines und Corsica Ferries).","breadcrumb":{"@id":"https:\/\/www.hotelbarcarola2.it\/de\/insel-elba\/ankommen\/#breadcrumb"},"inLanguage":"de","potentialAction":[{"@type":"ReadAction","target":["https:\/\/www.hotelbarcarola2.it\/de\/insel-elba\/ankommen\/"]}]},{"@type":"BreadcrumbList","@id":"https:\/\/www.hotelbarcarola2.it\/de\/insel-elba\/ankommen\/#breadcrumb","itemListElement":[{"@type":"ListItem","position":1,"name":"Home","item":"https:\/\/www.hotelbarcarola2.it\/de\/"},{"@type":"ListItem","position":2,"name":"Insel Elba","item":"https:\/\/www.hotelbarcarola2.it\/de\/insel-elba\/"},{"@type":"ListItem","position":3,"name":"Ankommen"}]},{"@type":"WebSite","@id":"https:\/\/www.hotelbarcarola2.it\/de\/#website","url":"https:\/\/www.hotelbarcarola2.it\/de\/","name":"www.hotelbarcarola2.it","description":"Marina di Campo, Insel Elba","publisher":{"@id":"https:\/\/www.hotelbarcarola2.it\/de\/#organization"},"potentialAction":[{"@type":"SearchAction","target":{"@type":"EntryPoint","urlTemplate":"https:\/\/www.hotelbarcarola2.it\/de\/?s={search_term_string}"},"query-input":{"@type":"PropertyValueSpecification","valueRequired":true,"valueName":"search_term_string"}}],"inLanguage":"de"},{"@type":"Organization","@id":"https:\/\/www.hotelbarcarola2.it\/de\/#organization","name":"www.hotelbarcarola2.it","url":"https:\/\/www.hotelbarcarola2.it\/de\/","logo":{"@type":"ImageObject","inLanguage":"de","@id":"https:\/\/www.hotelbarcarola2.it\/de\/#\/schema\/logo\/image\/","url":"https:\/\/www.hotelbarcarola2.it\/wp-content\/uploads\/hotel_barcarola_2.png","contentUrl":"https:\/\/www.hotelbarcarola2.it\/wp-content\/uploads\/hotel_barcarola_2.png","width":600,"height":102,"caption":"www.hotelbarcarola2.it"},"image":{"@id":"https:\/\/www.hotelbarcarola2.it\/de\/#\/schema\/logo\/image\/"},"sameAs":["https:\/\/www.facebook.com\/HotelBarcarola2"]}]}},"_links":{"self":[{"href":"https:\/\/www.hotelbarcarola2.it\/de\/wp-json\/wp\/v2\/pages\/2207","targetHints":{"allow":["GET"]}}],"collection":[{"href":"https:\/\/www.hotelbarcarola2.it\/de\/wp-json\/wp\/v2\/pages"}],"about":[{"href":"https:\/\/www.hotelbarcarola2.it\/de\/wp-json\/wp\/v2\/types\/page"}],"author":[{"embeddable":true,"href":"https:\/\/www.hotelbarcarola2.it\/de\/wp-json\/wp\/v2\/users\/1"}],"replies":[{"embeddable":true,"href":"https:\/\/www.hotelbarcarola2.it\/de\/wp-json\/wp\/v2\/comments?post=2207"}],"version-history":[{"count":10,"href":"https:\/\/www.hotelbarcarola2.it\/de\/wp-json\/wp\/v2\/pages\/2207\/revisions"}],"predecessor-version":[{"id":2218,"href":"https:\/\/www.hotelbarcarola2.it\/de\/wp-json\/wp\/v2\/pages\/2207\/revisions\/2218"}],"up":[{"embeddable":true,"href":"https:\/\/www.hotelbarcarola2.it\/de\/wp-json\/wp\/v2\/pages\/2075"}],"wp:attachment":[{"href":"https:\/\/www.hotelbarcarola2.it\/de\/wp-json\/wp\/v2\/media?parent=2207"}],"curies":[{"name":"wp","href":"https:\/\/api.w.org\/{rel}","templated":true}]}}