{"id":2238,"date":"2023-03-15T15:25:30","date_gmt":"2023-03-15T14:25:30","guid":{"rendered":"https:\/\/www.hotelbarcarola2.it\/insel-elba\/traghetti\/"},"modified":"2026-04-24T17:55:33","modified_gmt":"2026-04-24T15:55:33","slug":"faehren","status":"publish","type":"page","link":"https:\/\/www.hotelbarcarola2.it\/de\/insel-elba\/faehren\/","title":{"rendered":"Erm\u00e4\u00dfigte F\u00e4hren"},"content":{"rendered":"\t\t<div data-elementor-type=\"wp-page\" data-elementor-id=\"2238\" class=\"elementor elementor-2238 elementor-1077\">\n\t\t\t\t\t\t<section class=\"elementor-section elementor-top-section elementor-element elementor-element-51f22bc elementor-section-boxed elementor-section-height-default elementor-section-height-default\" data-id=\"51f22bc\" data-element_type=\"section\" data-e-type=\"section\" data-settings=\"{&quot;background_background&quot;:&quot;classic&quot;}\">\n\t\t\t\t\t\t\t<div class=\"elementor-background-overlay\"><\/div>\n\t\t\t\t\t\t\t<div class=\"elementor-container elementor-column-gap-default\">\n\t\t\t\t\t<div class=\"elementor-column elementor-col-100 elementor-top-column elementor-element elementor-element-b9ae3f3\" data-id=\"b9ae3f3\" data-element_type=\"column\" data-e-type=\"column\">\n\t\t\t<div class=\"elementor-widget-wrap elementor-element-populated\">\n\t\t\t\t\t\t<div class=\"elementor-element elementor-element-6e4ffc7 elementor-widget elementor-widget-spacer\" data-id=\"6e4ffc7\" data-element_type=\"widget\" data-e-type=\"widget\" data-widget_type=\"spacer.default\">\n\t\t\t\t<div class=\"elementor-widget-container\">\n\t\t\t\t\t\t\t<div class=\"elementor-spacer\">\n\t\t\t<div class=\"elementor-spacer-inner\"><\/div>\n\t\t<\/div>\n\t\t\t\t\t\t<\/div>\n\t\t\t\t<\/div>\n\t\t\t\t\t<\/div>\n\t\t<\/div>\n\t\t\t\t\t<\/div>\n\t\t<\/section>\n\t\t\t\t<section class=\"elementor-section elementor-top-section elementor-element elementor-element-985b0e4 elementor-section-boxed elementor-section-height-default elementor-section-height-default\" data-id=\"985b0e4\" data-element_type=\"section\" data-e-type=\"section\" data-settings=\"{&quot;background_background&quot;:&quot;classic&quot;}\">\n\t\t\t\t\t\t<div class=\"elementor-container elementor-column-gap-wider\">\n\t\t\t\t\t<div class=\"elementor-column elementor-col-100 elementor-top-column elementor-element elementor-element-acae3f0\" data-id=\"acae3f0\" data-element_type=\"column\" data-e-type=\"column\">\n\t\t\t<div class=\"elementor-widget-wrap elementor-element-populated\">\n\t\t\t\t\t\t<div class=\"elementor-element elementor-element-c5c8cde elementor-widget elementor-widget-heading\" data-id=\"c5c8cde\" data-element_type=\"widget\" data-e-type=\"widget\" data-widget_type=\"heading.default\">\n\t\t\t\t<div class=\"elementor-widget-container\">\n\t\t\t\t\t<h2 class=\"elementor-heading-title elementor-size-default\">Erm\u00e4\u00dfigte F\u00e4hren<\/h2>\t\t\t\t<\/div>\n\t\t\t\t<\/div>\n\t\t\t\t<div class=\"elementor-element elementor-element-015beed elementor-widget elementor-widget-spacer\" data-id=\"015beed\" data-element_type=\"widget\" data-e-type=\"widget\" data-widget_type=\"spacer.default\">\n\t\t\t\t<div class=\"elementor-widget-container\">\n\t\t\t\t\t\t\t<div class=\"elementor-spacer\">\n\t\t\t<div class=\"elementor-spacer-inner\"><\/div>\n\t\t<\/div>\n\t\t\t\t\t\t<\/div>\n\t\t\t\t<\/div>\n\t\t\t\t<div class=\"elementor-element elementor-element-c9e32c1 elementor-widget elementor-widget-text-editor\" data-id=\"c9e32c1\" data-element_type=\"widget\" data-e-type=\"widget\" data-widget_type=\"text-editor.default\">\n\t\t\t\t<div class=\"elementor-widget-container\">\n\t\t\t\t\t\t\t\t\t<p>Elba ist mit der F\u00e4hre von Piombino Marittima aus erreichbar. Es gibt dort vier F\u00e4hrgesellschaften (Toremar, Blu Navy, Moby Lines und Corsica Ferries) die \u00fcber komfortable F\u00e4hrschiffe verf\u00fcgen und die die Insel mehrmals t\u00e4glich anfahren. In einer Stunde erreicht man die Insel Elba (zwischen Kontinent und Insel sind es 10 Km.) und seine H\u00e4fen von Portoferraio (der Haupthafen), Cavo und Rio Marina.<\/p>\t\t\t\t\t\t\t\t<\/div>\n\t\t\t\t<\/div>\n\t\t\t\t\t<\/div>\n\t\t<\/div>\n\t\t\t\t\t<\/div>\n\t\t<\/section>\n\t\t\t\t<section class=\"elementor-section elementor-top-section elementor-element elementor-element-63d3400 elementor-section-boxed elementor-section-height-default elementor-section-height-default\" data-id=\"63d3400\" data-element_type=\"section\" data-e-type=\"section\" data-settings=\"{&quot;background_background&quot;:&quot;classic&quot;}\">\n\t\t\t\t\t\t<div class=\"elementor-container elementor-column-gap-wider\">\n\t\t\t\t\t<div class=\"elementor-column elementor-col-100 elementor-top-column elementor-element elementor-element-c858fa6\" data-id=\"c858fa6\" data-element_type=\"column\" data-e-type=\"column\">\n\t\t\t<div class=\"elementor-widget-wrap elementor-element-populated\">\n\t\t\t\t\t\t<div class=\"elementor-element elementor-element-5f5cabe elementor-widget elementor-widget-heading\" data-id=\"5f5cabe\" data-element_type=\"widget\" data-e-type=\"widget\" data-widget_type=\"heading.default\">\n\t\t\t\t<div class=\"elementor-widget-container\">\n\t\t\t\t\t<h4 class=\"elementor-heading-title elementor-size-default\">Blunavy, Moby &amp; Toremar<\/h4>\t\t\t\t<\/div>\n\t\t\t\t<\/div>\n\t\t\t\t<div class=\"elementor-element elementor-element-31dee04 elementor-widget elementor-widget-text-editor\" data-id=\"31dee04\" data-element_type=\"widget\" data-e-type=\"widget\" data-widget_type=\"text-editor.default\">\n\t\t\t\t<div class=\"elementor-widget-container\">\n\t\t\t\t\t\t\t\t\t<p>Wenn Sie Ihren Aufenthalt in unserem Hotel buchen, erhalten Sie per E-Mail einen Rabattcode, mit dem Sie Ihr Blunavy-F\u00e4hrticket online auf unserer Website kaufen k\u00f6nnen.\u00a0<br \/><span style=\"font-size: 15px;\">Alternativ k\u00f6nnen <a href=\"https:\/\/www.traghettilines.it\/it\/codice-sconto.aspx?from=sconto&amp;UAID=100235\">Sie dank unserer Partnerschaft mit Traghettilines auch \u00fcber Toremar oder Moby Lines buchen<\/a>. Das Angebot gilt nur f\u00fcr Direktbuchungen.<\/span><\/p>\t\t\t\t\t\t\t\t<\/div>\n\t\t\t\t<\/div>\n\t\t\t\t<div class=\"elementor-element elementor-element-d0b34b2 elementor-widget elementor-widget-spacer\" data-id=\"d0b34b2\" data-element_type=\"widget\" data-e-type=\"widget\" data-widget_type=\"spacer.default\">\n\t\t\t\t<div class=\"elementor-widget-container\">\n\t\t\t\t\t\t\t<div class=\"elementor-spacer\">\n\t\t\t<div class=\"elementor-spacer-inner\"><\/div>\n\t\t<\/div>\n\t\t\t\t\t\t<\/div>\n\t\t\t\t<\/div>\n\t\t\t\t<div class=\"elementor-element elementor-element-1330d1c elementor-widget elementor-widget-html\" data-id=\"1330d1c\" data-element_type=\"widget\" data-e-type=\"widget\" data-widget_type=\"html.default\">\n\t\t\t\t<div class=\"elementor-widget-container\">\n\t\t\t\t\t<div style=\"margin: 0 auto;\"><iframe style=\"border: none; filter:drop-shadow(0px 3px 10px rgba(0,0,0,.2));\" src=\"https:\/\/blunavytraghetti.com\/de\/hotel\/hotel-barcarola\/\/?iframe=banner\" width=\"100%\" height=\"100%\" allowtransparency=\"true\" class=\"blunavyembed\"><\/iframe><script src=\"https:\/\/blunavytraghetti.com\/wp-content\/themes\/cosmo\/assets\/js\/iframe\/embed.js\"><\/script><span style=\" font-family: sans-serif; color: #292C7E; font-size: 14px; padding-top: 10px;display: flex; align-items:center; justify-content:center; flex-wrap: wrap; gap: 10px; vertical-gap: 10px; \">Ein F\u00e4hrdienst zur Insel Elba, angeboten von <a style=\"font-family: sans-serif; color: #292C7E; font-size: 14px; text-decoration: none;\" href=\"https:\/\/blunavytraghetti.com\/de\/?utm_source=snippet-embed\">Blunavytraghetti.com<\/a> <a href=\"https:\/\/blunavytraghetti.com\/de\/?utm_source=snippet-embed\"><img decoding=\"async\" style=\"width: 80px;\" src=\"https:\/\/blunavytraghetti.com\/wp-content\/themes\/cosmo\/assets\/images\/logo-blunavy-traghetti.png\" alt=\"Logo BluNavy traghetti Elba\"\/><\/a><\/span><\/div>\t\t\t\t<\/div>\n\t\t\t\t<\/div>\n\t\t\t\t\t<\/div>\n\t\t<\/div>\n\t\t\t\t\t<\/div>\n\t\t<\/section>\n\t\t\t\t<\/div>\n\t\t","protected":false},"excerpt":{"rendered":"<p>Erm\u00e4\u00dfigte F\u00e4hren Elba ist mit der F\u00e4hre von Piombino Marittima aus erreichbar. Es gibt dort vier F\u00e4hrgesellschaften (Toremar, Blu Navy, Moby Lines und Corsica Ferries) die \u00fcber komfortable F\u00e4hrschiffe verf\u00fcgen und die die Insel mehrmals t\u00e4glich anfahren. In einer Stunde erreicht man die Insel Elba (zwischen Kontinent und Insel sind es 10 Km.) und seine [&hellip;]<\/p>\n","protected":false},"author":1,"featured_media":0,"parent":2075,"menu_order":2,"comment_status":"closed","ping_status":"closed","template":"tpl-default-elementor.php","meta":{"_mo_disable_npp":"","footnotes":""},"class_list":["post-2238","page","type-page","status-publish","hentry"],"yoast_head":"<!-- This site is optimized with the Yoast SEO plugin v27.4 - https:\/\/yoast.com\/product\/yoast-seo-wordpress\/ -->\n<title>Erm\u00e4\u00dfigte F\u00e4hren - Hotel Barcarola 2 - Marina di Campo, Insel Elba<\/title>\n<meta name=\"description\" content=\"Bei einer direkten Buchung in unserem Hotel mit Hilfe eines Rabattcodes, den wir Ihnen per Mail zuschicken.\" \/>\n<meta name=\"robots\" content=\"index, follow, max-snippet:-1, max-image-preview:large, max-video-preview:-1\" \/>\n<link rel=\"canonical\" href=\"https:\/\/www.hotelbarcarola2.it\/de\/insel-elba\/faehren\/\" \/>\n<meta property=\"og:locale\" content=\"de_DE\" \/>\n<meta property=\"og:type\" content=\"article\" \/>\n<meta property=\"og:title\" content=\"Erm\u00e4\u00dfigte F\u00e4hren - Hotel Barcarola 2 - Marina di Campo, Insel Elba\" \/>\n<meta property=\"og:description\" content=\"Bei einer direkten Buchung in unserem Hotel mit Hilfe eines Rabattcodes, den wir Ihnen per Mail zuschicken.\" \/>\n<meta property=\"og:url\" content=\"https:\/\/www.hotelbarcarola2.it\/de\/insel-elba\/faehren\/\" \/>\n<meta property=\"og:site_name\" content=\"Hotel Barcarola 2\" \/>\n<meta property=\"article:publisher\" content=\"https:\/\/www.facebook.com\/HotelBarcarola2\" \/>\n<meta property=\"article:modified_time\" content=\"2026-04-24T15:55:33+00:00\" \/>\n<meta property=\"og:image\" content=\"https:\/\/blunavytraghetti.com\/wp-content\/themes\/cosmo\/assets\/images\/logo-blunavy-traghetti.png\" \/>\n<meta name=\"twitter:card\" content=\"summary_large_image\" \/>\n<meta name=\"twitter:label1\" content=\"Gesch\u00e4tzte Lesezeit\" \/>\n\t<meta name=\"twitter:data1\" content=\"1\u00a0Minute\" \/>\n<script type=\"application\/ld+json\" class=\"yoast-schema-graph\">{\"@context\":\"https:\\\/\\\/schema.org\",\"@graph\":[{\"@type\":\"WebPage\",\"@id\":\"https:\\\/\\\/www.hotelbarcarola2.it\\\/de\\\/insel-elba\\\/faehren\\\/\",\"url\":\"https:\\\/\\\/www.hotelbarcarola2.it\\\/de\\\/insel-elba\\\/faehren\\\/\",\"name\":\"Erm\u00e4\u00dfigte F\u00e4hren - Hotel Barcarola 2 - Marina di Campo, Insel Elba\",\"isPartOf\":{\"@id\":\"https:\\\/\\\/www.hotelbarcarola2.it\\\/de\\\/#website\"},\"primaryImageOfPage\":{\"@id\":\"https:\\\/\\\/www.hotelbarcarola2.it\\\/de\\\/insel-elba\\\/faehren\\\/#primaryimage\"},\"image\":{\"@id\":\"https:\\\/\\\/www.hotelbarcarola2.it\\\/de\\\/insel-elba\\\/faehren\\\/#primaryimage\"},\"thumbnailUrl\":\"https:\\\/\\\/blunavytraghetti.com\\\/wp-content\\\/themes\\\/cosmo\\\/assets\\\/images\\\/logo-blunavy-traghetti.png\",\"datePublished\":\"2023-03-15T14:25:30+00:00\",\"dateModified\":\"2026-04-24T15:55:33+00:00\",\"description\":\"Bei einer direkten Buchung in unserem Hotel mit Hilfe eines Rabattcodes, den wir Ihnen per Mail zuschicken.\",\"breadcrumb\":{\"@id\":\"https:\\\/\\\/www.hotelbarcarola2.it\\\/de\\\/insel-elba\\\/faehren\\\/#breadcrumb\"},\"inLanguage\":\"de\",\"potentialAction\":[{\"@type\":\"ReadAction\",\"target\":[\"https:\\\/\\\/www.hotelbarcarola2.it\\\/de\\\/insel-elba\\\/faehren\\\/\"]}]},{\"@type\":\"ImageObject\",\"inLanguage\":\"de\",\"@id\":\"https:\\\/\\\/www.hotelbarcarola2.it\\\/de\\\/insel-elba\\\/faehren\\\/#primaryimage\",\"url\":\"https:\\\/\\\/blunavytraghetti.com\\\/wp-content\\\/themes\\\/cosmo\\\/assets\\\/images\\\/logo-blunavy-traghetti.png\",\"contentUrl\":\"https:\\\/\\\/blunavytraghetti.com\\\/wp-content\\\/themes\\\/cosmo\\\/assets\\\/images\\\/logo-blunavy-traghetti.png\"},{\"@type\":\"BreadcrumbList\",\"@id\":\"https:\\\/\\\/www.hotelbarcarola2.it\\\/de\\\/insel-elba\\\/faehren\\\/#breadcrumb\",\"itemListElement\":[{\"@type\":\"ListItem\",\"position\":1,\"name\":\"Home\",\"item\":\"https:\\\/\\\/www.hotelbarcarola2.it\\\/de\\\/\"},{\"@type\":\"ListItem\",\"position\":2,\"name\":\"Insel Elba\",\"item\":\"https:\\\/\\\/www.hotelbarcarola2.it\\\/de\\\/insel-elba\\\/\"},{\"@type\":\"ListItem\",\"position\":3,\"name\":\"Erm\u00e4\u00dfigte F\u00e4hren\"}]},{\"@type\":\"WebSite\",\"@id\":\"https:\\\/\\\/www.hotelbarcarola2.it\\\/de\\\/#website\",\"url\":\"https:\\\/\\\/www.hotelbarcarola2.it\\\/de\\\/\",\"name\":\"www.hotelbarcarola2.it\",\"description\":\"Marina di Campo, Insel Elba\",\"publisher\":{\"@id\":\"https:\\\/\\\/www.hotelbarcarola2.it\\\/de\\\/#organization\"},\"potentialAction\":[{\"@type\":\"SearchAction\",\"target\":{\"@type\":\"EntryPoint\",\"urlTemplate\":\"https:\\\/\\\/www.hotelbarcarola2.it\\\/de\\\/?s={search_term_string}\"},\"query-input\":{\"@type\":\"PropertyValueSpecification\",\"valueRequired\":true,\"valueName\":\"search_term_string\"}}],\"inLanguage\":\"de\"},{\"@type\":\"Organization\",\"@id\":\"https:\\\/\\\/www.hotelbarcarola2.it\\\/de\\\/#organization\",\"name\":\"www.hotelbarcarola2.it\",\"url\":\"https:\\\/\\\/www.hotelbarcarola2.it\\\/de\\\/\",\"logo\":{\"@type\":\"ImageObject\",\"inLanguage\":\"de\",\"@id\":\"https:\\\/\\\/www.hotelbarcarola2.it\\\/de\\\/#\\\/schema\\\/logo\\\/image\\\/\",\"url\":\"https:\\\/\\\/www.hotelbarcarola2.it\\\/wp-content\\\/uploads\\\/hotel_barcarola_2.png\",\"contentUrl\":\"https:\\\/\\\/www.hotelbarcarola2.it\\\/wp-content\\\/uploads\\\/hotel_barcarola_2.png\",\"width\":600,\"height\":102,\"caption\":\"www.hotelbarcarola2.it\"},\"image\":{\"@id\":\"https:\\\/\\\/www.hotelbarcarola2.it\\\/de\\\/#\\\/schema\\\/logo\\\/image\\\/\"},\"sameAs\":[\"https:\\\/\\\/www.facebook.com\\\/HotelBarcarola2\"]}]}<\/script>\n<!-- \/ Yoast SEO plugin. -->","yoast_head_json":{"title":"Erm\u00e4\u00dfigte F\u00e4hren - Hotel Barcarola 2 - Marina di Campo, Insel Elba","description":"Bei einer direkten Buchung in unserem Hotel mit Hilfe eines Rabattcodes, den wir Ihnen per Mail zuschicken.","robots":{"index":"index","follow":"follow","max-snippet":"max-snippet:-1","max-image-preview":"max-image-preview:large","max-video-preview":"max-video-preview:-1"},"canonical":"https:\/\/www.hotelbarcarola2.it\/de\/insel-elba\/faehren\/","og_locale":"de_DE","og_type":"article","og_title":"Erm\u00e4\u00dfigte F\u00e4hren - Hotel Barcarola 2 - Marina di Campo, Insel Elba","og_description":"Bei einer direkten Buchung in unserem Hotel mit Hilfe eines Rabattcodes, den wir Ihnen per Mail zuschicken.","og_url":"https:\/\/www.hotelbarcarola2.it\/de\/insel-elba\/faehren\/","og_site_name":"Hotel Barcarola 2","article_publisher":"https:\/\/www.facebook.com\/HotelBarcarola2","article_modified_time":"2026-04-24T15:55:33+00:00","og_image":[{"url":"https:\/\/blunavytraghetti.com\/wp-content\/themes\/cosmo\/assets\/images\/logo-blunavy-traghetti.png","type":"","width":"","height":""}],"twitter_card":"summary_large_image","twitter_misc":{"Gesch\u00e4tzte Lesezeit":"1\u00a0Minute"},"schema":{"@context":"https:\/\/schema.org","@graph":[{"@type":"WebPage","@id":"https:\/\/www.hotelbarcarola2.it\/de\/insel-elba\/faehren\/","url":"https:\/\/www.hotelbarcarola2.it\/de\/insel-elba\/faehren\/","name":"Erm\u00e4\u00dfigte F\u00e4hren - Hotel Barcarola 2 - Marina di Campo, Insel Elba","isPartOf":{"@id":"https:\/\/www.hotelbarcarola2.it\/de\/#website"},"primaryImageOfPage":{"@id":"https:\/\/www.hotelbarcarola2.it\/de\/insel-elba\/faehren\/#primaryimage"},"image":{"@id":"https:\/\/www.hotelbarcarola2.it\/de\/insel-elba\/faehren\/#primaryimage"},"thumbnailUrl":"https:\/\/blunavytraghetti.com\/wp-content\/themes\/cosmo\/assets\/images\/logo-blunavy-traghetti.png","datePublished":"2023-03-15T14:25:30+00:00","dateModified":"2026-04-24T15:55:33+00:00","description":"Bei einer direkten Buchung in unserem Hotel mit Hilfe eines Rabattcodes, den wir Ihnen per Mail zuschicken.","breadcrumb":{"@id":"https:\/\/www.hotelbarcarola2.it\/de\/insel-elba\/faehren\/#breadcrumb"},"inLanguage":"de","potentialAction":[{"@type":"ReadAction","target":["https:\/\/www.hotelbarcarola2.it\/de\/insel-elba\/faehren\/"]}]},{"@type":"ImageObject","inLanguage":"de","@id":"https:\/\/www.hotelbarcarola2.it\/de\/insel-elba\/faehren\/#primaryimage","url":"https:\/\/blunavytraghetti.com\/wp-content\/themes\/cosmo\/assets\/images\/logo-blunavy-traghetti.png","contentUrl":"https:\/\/blunavytraghetti.com\/wp-content\/themes\/cosmo\/assets\/images\/logo-blunavy-traghetti.png"},{"@type":"BreadcrumbList","@id":"https:\/\/www.hotelbarcarola2.it\/de\/insel-elba\/faehren\/#breadcrumb","itemListElement":[{"@type":"ListItem","position":1,"name":"Home","item":"https:\/\/www.hotelbarcarola2.it\/de\/"},{"@type":"ListItem","position":2,"name":"Insel Elba","item":"https:\/\/www.hotelbarcarola2.it\/de\/insel-elba\/"},{"@type":"ListItem","position":3,"name":"Erm\u00e4\u00dfigte F\u00e4hren"}]},{"@type":"WebSite","@id":"https:\/\/www.hotelbarcarola2.it\/de\/#website","url":"https:\/\/www.hotelbarcarola2.it\/de\/","name":"www.hotelbarcarola2.it","description":"Marina di Campo, Insel Elba","publisher":{"@id":"https:\/\/www.hotelbarcarola2.it\/de\/#organization"},"potentialAction":[{"@type":"SearchAction","target":{"@type":"EntryPoint","urlTemplate":"https:\/\/www.hotelbarcarola2.it\/de\/?s={search_term_string}"},"query-input":{"@type":"PropertyValueSpecification","valueRequired":true,"valueName":"search_term_string"}}],"inLanguage":"de"},{"@type":"Organization","@id":"https:\/\/www.hotelbarcarola2.it\/de\/#organization","name":"www.hotelbarcarola2.it","url":"https:\/\/www.hotelbarcarola2.it\/de\/","logo":{"@type":"ImageObject","inLanguage":"de","@id":"https:\/\/www.hotelbarcarola2.it\/de\/#\/schema\/logo\/image\/","url":"https:\/\/www.hotelbarcarola2.it\/wp-content\/uploads\/hotel_barcarola_2.png","contentUrl":"https:\/\/www.hotelbarcarola2.it\/wp-content\/uploads\/hotel_barcarola_2.png","width":600,"height":102,"caption":"www.hotelbarcarola2.it"},"image":{"@id":"https:\/\/www.hotelbarcarola2.it\/de\/#\/schema\/logo\/image\/"},"sameAs":["https:\/\/www.facebook.com\/HotelBarcarola2"]}]}},"_links":{"self":[{"href":"https:\/\/www.hotelbarcarola2.it\/de\/wp-json\/wp\/v2\/pages\/2238","targetHints":{"allow":["GET"]}}],"collection":[{"href":"https:\/\/www.hotelbarcarola2.it\/de\/wp-json\/wp\/v2\/pages"}],"about":[{"href":"https:\/\/www.hotelbarcarola2.it\/de\/wp-json\/wp\/v2\/types\/page"}],"author":[{"embeddable":true,"href":"https:\/\/www.hotelbarcarola2.it\/de\/wp-json\/wp\/v2\/users\/1"}],"replies":[{"embeddable":true,"href":"https:\/\/www.hotelbarcarola2.it\/de\/wp-json\/wp\/v2\/comments?post=2238"}],"version-history":[{"count":13,"href":"https:\/\/www.hotelbarcarola2.it\/de\/wp-json\/wp\/v2\/pages\/2238\/revisions"}],"predecessor-version":[{"id":3897,"href":"https:\/\/www.hotelbarcarola2.it\/de\/wp-json\/wp\/v2\/pages\/2238\/revisions\/3897"}],"up":[{"embeddable":true,"href":"https:\/\/www.hotelbarcarola2.it\/de\/wp-json\/wp\/v2\/pages\/2075"}],"wp:attachment":[{"href":"https:\/\/www.hotelbarcarola2.it\/de\/wp-json\/wp\/v2\/media?parent=2238"}],"curies":[{"name":"wp","href":"https:\/\/api.w.org\/{rel}","templated":true}]}}