{"id":3460,"date":"2024-10-16T09:51:26","date_gmt":"2024-10-16T07:51:26","guid":{"rendered":"https:\/\/www.hotelbarcarola2.it\/?page_id=3460"},"modified":"2024-10-16T10:01:06","modified_gmt":"2024-10-16T08:01:06","slug":"cookie-policy","status":"publish","type":"page","link":"https:\/\/www.hotelbarcarola2.it\/de\/cookie-policy\/","title":{"rendered":"Cookie Policy"},"content":{"rendered":"\t\t<div data-elementor-type=\"wp-page\" data-elementor-id=\"3460\" class=\"elementor elementor-3460 elementor-3459\">\n\t\t\t\t\t\t<section class=\"elementor-section elementor-top-section elementor-element elementor-element-41f7272 elementor-section-boxed elementor-section-height-default elementor-section-height-default\" data-id=\"41f7272\" data-element_type=\"section\" data-e-type=\"section\" data-settings=\"{&quot;background_background&quot;:&quot;classic&quot;}\">\n\t\t\t\t\t\t\t<div class=\"elementor-background-overlay\"><\/div>\n\t\t\t\t\t\t\t<div class=\"elementor-container elementor-column-gap-default\">\n\t\t\t\t\t<div class=\"elementor-column elementor-col-100 elementor-top-column elementor-element elementor-element-3779cd30\" data-id=\"3779cd30\" data-element_type=\"column\" data-e-type=\"column\">\n\t\t\t<div class=\"elementor-widget-wrap elementor-element-populated\">\n\t\t\t\t\t\t<div class=\"elementor-element elementor-element-73dda549 elementor-widget elementor-widget-spacer\" data-id=\"73dda549\" data-element_type=\"widget\" data-e-type=\"widget\" data-widget_type=\"spacer.default\">\n\t\t\t\t<div class=\"elementor-widget-container\">\n\t\t\t\t\t\t\t<div class=\"elementor-spacer\">\n\t\t\t<div class=\"elementor-spacer-inner\"><\/div>\n\t\t<\/div>\n\t\t\t\t\t\t<\/div>\n\t\t\t\t<\/div>\n\t\t\t\t\t<\/div>\n\t\t<\/div>\n\t\t\t\t\t<\/div>\n\t\t<\/section>\n\t\t\t\t<section class=\"elementor-section elementor-top-section elementor-element elementor-element-3bc5c867 elementor-section-boxed elementor-section-height-default elementor-section-height-default\" data-id=\"3bc5c867\" data-element_type=\"section\" data-e-type=\"section\" data-settings=\"{&quot;background_background&quot;:&quot;classic&quot;}\">\n\t\t\t\t\t\t<div class=\"elementor-container elementor-column-gap-wider\">\n\t\t\t\t\t<div class=\"elementor-column elementor-col-100 elementor-top-column elementor-element elementor-element-78fc8187\" data-id=\"78fc8187\" data-element_type=\"column\" data-e-type=\"column\">\n\t\t\t<div class=\"elementor-widget-wrap elementor-element-populated\">\n\t\t\t\t\t\t<div class=\"elementor-element elementor-element-381208c8 elementor-widget elementor-widget-heading\" data-id=\"381208c8\" data-element_type=\"widget\" data-e-type=\"widget\" data-widget_type=\"heading.default\">\n\t\t\t\t<div class=\"elementor-widget-container\">\n\t\t\t\t\t<h2 class=\"elementor-heading-title elementor-size-default\">Cookie Policy<\/h2>\t\t\t\t<\/div>\n\t\t\t\t<\/div>\n\t\t\t\t<div class=\"elementor-element elementor-element-4e6e0938 elementor-widget elementor-widget-text-editor\" data-id=\"4e6e0938\" data-element_type=\"widget\" data-e-type=\"widget\" data-widget_type=\"text-editor.default\">\n\t\t\t\t<div class=\"elementor-widget-container\">\n\t\t\t\t\t\t\t\t\t<p><em>G\u00fcltig seit: 2024-10-15<br \/>Aktualisiert am: 2024-10-15<\/em><\/p>\t\t\t\t\t\t\t\t<\/div>\n\t\t\t\t<\/div>\n\t\t\t\t<div class=\"elementor-element elementor-element-92fc3db elementor-widget elementor-widget-text-editor\" data-id=\"92fc3db\" data-element_type=\"widget\" data-e-type=\"widget\" data-widget_type=\"text-editor.default\">\n\t\t\t\t<div class=\"elementor-widget-container\">\n\t\t\t\t\t\t\t\t\t<p>Selci Enrico S.r.l. ist berechtigt, diese Datenschutzerkl\u00e4rung jederzeit zu \u00e4ndern. Dies kann ohne vorherige Ank\u00fcndigung geschehen.<br>\n<span style=\"font-size: 15px; color: var( --e-global-color-text ); font-family: var( --e-global-typography-text-font-family ), Sans-serif;\">Selci Enrico S.r.l. wird die \u00fcberarbeitete Datenschutzrichtlinie auf der&nbsp;<\/span><span style=\"font-size: 15px; color: var( --e-global-color-text ); font-family: var( --e-global-typography-text-font-family ), Sans-serif;\">Website https:\/\/www.hotelbarcarola2.it ver\u00f6ffentlichen.<\/span><\/p>\t\t\t\t\t\t\t\t<\/div>\n\t\t\t\t<\/div>\n\t\t\t\t<div class=\"elementor-element elementor-element-1727aae elementor-widget elementor-widget-spacer\" data-id=\"1727aae\" data-element_type=\"widget\" data-e-type=\"widget\" data-widget_type=\"spacer.default\">\n\t\t\t\t<div class=\"elementor-widget-container\">\n\t\t\t\t\t\t\t<div class=\"elementor-spacer\">\n\t\t\t<div class=\"elementor-spacer-inner\"><\/div>\n\t\t<\/div>\n\t\t\t\t\t\t<\/div>\n\t\t\t\t<\/div>\n\t\t\t\t<div class=\"elementor-element elementor-element-ace92b3 elementor-widget elementor-widget-heading\" data-id=\"ace92b3\" data-element_type=\"widget\" data-e-type=\"widget\" data-widget_type=\"heading.default\">\n\t\t\t\t<div class=\"elementor-widget-container\">\n\t\t\t\t\t<h3 class=\"elementor-heading-title elementor-size-default\">Cookies<\/h3>\t\t\t\t<\/div>\n\t\t\t\t<\/div>\n\t\t\t\t<div class=\"elementor-element elementor-element-c91379e elementor-widget elementor-widget-text-editor\" data-id=\"c91379e\" data-element_type=\"widget\" data-e-type=\"widget\" data-widget_type=\"text-editor.default\">\n\t\t\t\t<div class=\"elementor-widget-container\">\n\t\t\t\t\t\t\t\t\t<p>Cookies sind kleine Textdateien, die von Websites, die Sie besuchen, auf Ihrem Computer gespeichert werden. Websites verwenden Cookies, um den Nutzern eine<br \/>effiziente Navigation zu erm\u00f6glichen und zu helfen, bestimmte Funktionen auszuf\u00fchren. Cookies, die f\u00fcr den ordnungsgem\u00e4\u00dfen Betrieb der Website erforderlich sind, d\u00fcrfen auch ohne Ihre Zustimmung gesetzt werden. Alle anderen Cookies m\u00fcssen erst genehmigt werden, bevor sie im Browser gesetzt werden k\u00f6nnen.<\/p><ul class=\"blist\"><li><b>Unbedingt erforderliche Cookies.<\/b> Unbedingt erforderliche Cookies erm\u00f6glichen wesentliche Kernfunktionen der Website wie die Benutzeranmeldung und die Kontoverwaltung. Ohne die unbedingt erforderlichen Cookies kann die Website nicht ordnungsgem\u00e4\u00df verwendet werden.<\/li><li><b>Targeting-Cookies.<\/b> Targeting-Cookies werden verwendet, um Besucher zwischen verschiedenen Websites zu identifizieren, z. B. Content-Partner, Bannernetzwerke. Diese Cookies k\u00f6nnen von Unternehmen verwendet werden, um ein Profil der Besucherinteressen zu erstellen oder relevante Anzeigen auf anderen Websites zu schalten.<\/li><li><b>Funktionale Cookies.<\/b> Funktionale Cookies werden verwendet, um Besucherinformationen auf der Website zu speichern, z. Sprache, Zeitzone, erweiterter Inhalte.<\/li><li><b>Unklassifizierte Cookies.<\/b> Unklassifizierte Cookies sind Cookies, die keiner der anderen Kategorien angeh\u00f6ren oder sich im Prozess der Klassifizierung befinden.<\/li><li><b>Performance-Cookies.<\/b> Performance-Cookies sammeln Informationen dar\u00fcber, wie Besucher eine Webseite nutzen, z. B. Analyse-Cookies. Diese Cookies k\u00f6nnen nicht verwendet werden, um einen bestimmten Besucher direkt zu identifizieren.<\/li><\/ul>\t\t\t\t\t\t\t\t<\/div>\n\t\t\t\t<\/div>\n\t\t\t\t<div class=\"elementor-element elementor-element-e6dfadb elementor-widget elementor-widget-text-editor\" data-id=\"e6dfadb\" data-element_type=\"widget\" data-e-type=\"widget\" data-widget_type=\"text-editor.default\">\n\t\t\t\t<div class=\"elementor-widget-container\">\n\t\t\t\t\t\t\t\t\t<p class=\"mb-0\">Sie k\u00f6nnen Ihre Zustimmung zur Cookie-Nutzung unten \u00e4ndern.<\/p>\t\t\t\t\t\t\t\t<\/div>\n\t\t\t\t<\/div>\n\t\t\t\t<div class=\"elementor-element elementor-element-dfa2800 elementor-widget elementor-widget-html\" data-id=\"dfa2800\" data-element_type=\"widget\" data-e-type=\"widget\" data-widget_type=\"html.default\">\n\t\t\t\t<div class=\"elementor-widget-container\">\n\t\t\t\t\t<style>.cookie-report-container h4 {margin-top:30px; color: #35432F;}<\/style>\n<div class=\"cookie-report-container\">\n<script type=\"text\/javascript\" charset=\"UTF-8\" data-cookiescriptreport=\"report\" data-cs-lang=\"de\" src=\"\/\/report.cookie-script.com\/r\/9b76eb0130e8befec4e129ee44e3e534.js\" >\n            <\/script>\n            <\/div>\t\t\t\t<\/div>\n\t\t\t\t<\/div>\n\t\t\t\t<div class=\"elementor-element elementor-element-06070d2 elementor-widget elementor-widget-spacer\" data-id=\"06070d2\" data-element_type=\"widget\" data-e-type=\"widget\" data-widget_type=\"spacer.default\">\n\t\t\t\t<div class=\"elementor-widget-container\">\n\t\t\t\t\t\t\t<div class=\"elementor-spacer\">\n\t\t\t<div class=\"elementor-spacer-inner\"><\/div>\n\t\t<\/div>\n\t\t\t\t\t\t<\/div>\n\t\t\t\t<\/div>\n\t\t\t\t<div class=\"elementor-element elementor-element-786d6b8 elementor-widget elementor-widget-heading\" data-id=\"786d6b8\" data-element_type=\"widget\" data-e-type=\"widget\" data-widget_type=\"heading.default\">\n\t\t\t\t<div class=\"elementor-widget-container\">\n\t\t\t\t\t<h3 class=\"elementor-heading-title elementor-size-default\">Kontakt<\/h3>\t\t\t\t<\/div>\n\t\t\t\t<\/div>\n\t\t\t\t<div class=\"elementor-element elementor-element-499b205 elementor-widget elementor-widget-text-editor\" data-id=\"499b205\" data-element_type=\"widget\" data-e-type=\"widget\" data-widget_type=\"text-editor.default\">\n\t\t\t\t<div class=\"elementor-widget-container\">\n\t\t\t\t\t\t\t\t\t<p>Wenn Sie Fragen haben, kontaktieren Sie uns bitte \u00fcber eine der folgenden Kan\u00e4le:<\/p><ul class=\"blist\"><li><strong>Name<\/strong>: Selci Enrico S.r.l.<\/li><li><strong>Adresse<\/strong>: Via per Portoferraio, 208 &#8211; 57034 &#8211; Campo nell&#8217;Elba (LI)<\/li><li><strong>E-mail<\/strong>: info@hotelbarcarola2.it<\/li><li><strong>Website<\/strong>: https:\/\/www.hotelbarcarola2.it<\/li><li><strong>Telefon<\/strong>: +39 0565 976255<\/li><\/ul>\t\t\t\t\t\t\t\t<\/div>\n\t\t\t\t<\/div>\n\t\t\t\t\t<\/div>\n\t\t<\/div>\n\t\t\t\t\t<\/div>\n\t\t<\/section>\n\t\t\t\t<section class=\"elementor-section elementor-top-section elementor-element elementor-element-aaaac41 elementor-section-boxed elementor-section-height-default elementor-section-height-default\" data-id=\"aaaac41\" data-element_type=\"section\" data-e-type=\"section\" data-settings=\"{&quot;background_background&quot;:&quot;classic&quot;}\">\n\t\t\t\t\t\t<div class=\"elementor-container elementor-column-gap-wider\">\n\t\t\t\t\t<div class=\"elementor-column elementor-col-100 elementor-top-column elementor-element elementor-element-78cd665c\" data-id=\"78cd665c\" data-element_type=\"column\" data-e-type=\"column\">\n\t\t\t<div class=\"elementor-widget-wrap\">\n\t\t\t\t\t\t\t<\/div>\n\t\t<\/div>\n\t\t\t\t\t<\/div>\n\t\t<\/section>\n\t\t\t\t<\/div>\n\t\t","protected":false},"excerpt":{"rendered":"<p>Cookie Policy G\u00fcltig seit: 2024-10-15Aktualisiert am: 2024-10-15 Selci Enrico S.r.l. ist berechtigt, diese Datenschutzerkl\u00e4rung jederzeit zu \u00e4ndern. Dies kann ohne vorherige Ank\u00fcndigung geschehen. Selci Enrico S.r.l. wird die \u00fcberarbeitete Datenschutzrichtlinie auf der&nbsp;Website https:\/\/www.hotelbarcarola2.it ver\u00f6ffentlichen. Cookies Cookies sind kleine Textdateien, die von Websites, die Sie besuchen, auf Ihrem Computer gespeichert werden. Websites verwenden Cookies, um den [&hellip;]<\/p>\n","protected":false},"author":1,"featured_media":0,"parent":0,"menu_order":99,"comment_status":"closed","ping_status":"closed","template":"tpl-default-elementor.php","meta":{"_mo_disable_npp":"","footnotes":""},"class_list":["post-3460","page","type-page","status-publish","hentry"],"yoast_head":"<!-- This site is optimized with the Yoast SEO plugin v27.3 - https:\/\/yoast.com\/product\/yoast-seo-wordpress\/ -->\n<title>Cookie Policy - Hotel Barcarola 2 - Marina di Campo, Insel Elba<\/title>\n<meta name=\"description\" content=\"NON INDICIZZATA\" \/>\n<meta name=\"robots\" content=\"noindex, nofollow\" \/>\n<meta property=\"og:locale\" content=\"de_DE\" \/>\n<meta property=\"og:type\" content=\"article\" \/>\n<meta property=\"og:title\" content=\"Cookie Policy - Hotel Barcarola 2 - Marina di Campo, Insel Elba\" \/>\n<meta property=\"og:description\" content=\"NON INDICIZZATA\" \/>\n<meta property=\"og:url\" content=\"https:\/\/www.hotelbarcarola2.it\/de\/cookie-policy\/\" \/>\n<meta property=\"og:site_name\" content=\"Hotel Barcarola 2\" \/>\n<meta property=\"article:publisher\" content=\"https:\/\/www.facebook.com\/HotelBarcarola2\" \/>\n<meta property=\"article:modified_time\" content=\"2024-10-16T08:01:06+00:00\" \/>\n<meta name=\"twitter:card\" content=\"summary_large_image\" \/>\n<meta name=\"twitter:label1\" content=\"Gesch\u00e4tzte Lesezeit\" \/>\n\t<meta name=\"twitter:data1\" content=\"2\u00a0Minuten\" \/>\n<script type=\"application\/ld+json\" class=\"yoast-schema-graph\">{\"@context\":\"https:\\\/\\\/schema.org\",\"@graph\":[{\"@type\":\"WebPage\",\"@id\":\"https:\\\/\\\/www.hotelbarcarola2.it\\\/de\\\/cookie-policy\\\/\",\"url\":\"https:\\\/\\\/www.hotelbarcarola2.it\\\/de\\\/cookie-policy\\\/\",\"name\":\"Cookie Policy - Hotel Barcarola 2 - Marina di Campo, Insel Elba\",\"isPartOf\":{\"@id\":\"https:\\\/\\\/www.hotelbarcarola2.it\\\/de\\\/#website\"},\"datePublished\":\"2024-10-16T07:51:26+00:00\",\"dateModified\":\"2024-10-16T08:01:06+00:00\",\"description\":\"NON INDICIZZATA\",\"breadcrumb\":{\"@id\":\"https:\\\/\\\/www.hotelbarcarola2.it\\\/de\\\/cookie-policy\\\/#breadcrumb\"},\"inLanguage\":\"de\",\"potentialAction\":[{\"@type\":\"ReadAction\",\"target\":[\"https:\\\/\\\/www.hotelbarcarola2.it\\\/de\\\/cookie-policy\\\/\"]}]},{\"@type\":\"BreadcrumbList\",\"@id\":\"https:\\\/\\\/www.hotelbarcarola2.it\\\/de\\\/cookie-policy\\\/#breadcrumb\",\"itemListElement\":[{\"@type\":\"ListItem\",\"position\":1,\"name\":\"Home\",\"item\":\"https:\\\/\\\/www.hotelbarcarola2.it\\\/de\\\/\"},{\"@type\":\"ListItem\",\"position\":2,\"name\":\"Cookie Policy\"}]},{\"@type\":\"WebSite\",\"@id\":\"https:\\\/\\\/www.hotelbarcarola2.it\\\/de\\\/#website\",\"url\":\"https:\\\/\\\/www.hotelbarcarola2.it\\\/de\\\/\",\"name\":\"www.hotelbarcarola2.it\",\"description\":\"Marina di Campo, Insel Elba\",\"publisher\":{\"@id\":\"https:\\\/\\\/www.hotelbarcarola2.it\\\/de\\\/#organization\"},\"potentialAction\":[{\"@type\":\"SearchAction\",\"target\":{\"@type\":\"EntryPoint\",\"urlTemplate\":\"https:\\\/\\\/www.hotelbarcarola2.it\\\/de\\\/?s={search_term_string}\"},\"query-input\":{\"@type\":\"PropertyValueSpecification\",\"valueRequired\":true,\"valueName\":\"search_term_string\"}}],\"inLanguage\":\"de\"},{\"@type\":\"Organization\",\"@id\":\"https:\\\/\\\/www.hotelbarcarola2.it\\\/de\\\/#organization\",\"name\":\"www.hotelbarcarola2.it\",\"url\":\"https:\\\/\\\/www.hotelbarcarola2.it\\\/de\\\/\",\"logo\":{\"@type\":\"ImageObject\",\"inLanguage\":\"de\",\"@id\":\"https:\\\/\\\/www.hotelbarcarola2.it\\\/de\\\/#\\\/schema\\\/logo\\\/image\\\/\",\"url\":\"https:\\\/\\\/www.hotelbarcarola2.it\\\/wp-content\\\/uploads\\\/hotel_barcarola_2.png\",\"contentUrl\":\"https:\\\/\\\/www.hotelbarcarola2.it\\\/wp-content\\\/uploads\\\/hotel_barcarola_2.png\",\"width\":600,\"height\":102,\"caption\":\"www.hotelbarcarola2.it\"},\"image\":{\"@id\":\"https:\\\/\\\/www.hotelbarcarola2.it\\\/de\\\/#\\\/schema\\\/logo\\\/image\\\/\"},\"sameAs\":[\"https:\\\/\\\/www.facebook.com\\\/HotelBarcarola2\"]}]}<\/script>\n<!-- \/ Yoast SEO plugin. -->","yoast_head_json":{"title":"Cookie Policy - Hotel Barcarola 2 - Marina di Campo, Insel Elba","description":"NON INDICIZZATA","robots":{"index":"noindex","follow":"nofollow"},"og_locale":"de_DE","og_type":"article","og_title":"Cookie Policy - Hotel Barcarola 2 - Marina di Campo, Insel Elba","og_description":"NON INDICIZZATA","og_url":"https:\/\/www.hotelbarcarola2.it\/de\/cookie-policy\/","og_site_name":"Hotel Barcarola 2","article_publisher":"https:\/\/www.facebook.com\/HotelBarcarola2","article_modified_time":"2024-10-16T08:01:06+00:00","twitter_card":"summary_large_image","twitter_misc":{"Gesch\u00e4tzte Lesezeit":"2\u00a0Minuten"},"schema":{"@context":"https:\/\/schema.org","@graph":[{"@type":"WebPage","@id":"https:\/\/www.hotelbarcarola2.it\/de\/cookie-policy\/","url":"https:\/\/www.hotelbarcarola2.it\/de\/cookie-policy\/","name":"Cookie Policy - Hotel Barcarola 2 - Marina di Campo, Insel Elba","isPartOf":{"@id":"https:\/\/www.hotelbarcarola2.it\/de\/#website"},"datePublished":"2024-10-16T07:51:26+00:00","dateModified":"2024-10-16T08:01:06+00:00","description":"NON INDICIZZATA","breadcrumb":{"@id":"https:\/\/www.hotelbarcarola2.it\/de\/cookie-policy\/#breadcrumb"},"inLanguage":"de","potentialAction":[{"@type":"ReadAction","target":["https:\/\/www.hotelbarcarola2.it\/de\/cookie-policy\/"]}]},{"@type":"BreadcrumbList","@id":"https:\/\/www.hotelbarcarola2.it\/de\/cookie-policy\/#breadcrumb","itemListElement":[{"@type":"ListItem","position":1,"name":"Home","item":"https:\/\/www.hotelbarcarola2.it\/de\/"},{"@type":"ListItem","position":2,"name":"Cookie Policy"}]},{"@type":"WebSite","@id":"https:\/\/www.hotelbarcarola2.it\/de\/#website","url":"https:\/\/www.hotelbarcarola2.it\/de\/","name":"www.hotelbarcarola2.it","description":"Marina di Campo, Insel Elba","publisher":{"@id":"https:\/\/www.hotelbarcarola2.it\/de\/#organization"},"potentialAction":[{"@type":"SearchAction","target":{"@type":"EntryPoint","urlTemplate":"https:\/\/www.hotelbarcarola2.it\/de\/?s={search_term_string}"},"query-input":{"@type":"PropertyValueSpecification","valueRequired":true,"valueName":"search_term_string"}}],"inLanguage":"de"},{"@type":"Organization","@id":"https:\/\/www.hotelbarcarola2.it\/de\/#organization","name":"www.hotelbarcarola2.it","url":"https:\/\/www.hotelbarcarola2.it\/de\/","logo":{"@type":"ImageObject","inLanguage":"de","@id":"https:\/\/www.hotelbarcarola2.it\/de\/#\/schema\/logo\/image\/","url":"https:\/\/www.hotelbarcarola2.it\/wp-content\/uploads\/hotel_barcarola_2.png","contentUrl":"https:\/\/www.hotelbarcarola2.it\/wp-content\/uploads\/hotel_barcarola_2.png","width":600,"height":102,"caption":"www.hotelbarcarola2.it"},"image":{"@id":"https:\/\/www.hotelbarcarola2.it\/de\/#\/schema\/logo\/image\/"},"sameAs":["https:\/\/www.facebook.com\/HotelBarcarola2"]}]}},"_links":{"self":[{"href":"https:\/\/www.hotelbarcarola2.it\/de\/wp-json\/wp\/v2\/pages\/3460","targetHints":{"allow":["GET"]}}],"collection":[{"href":"https:\/\/www.hotelbarcarola2.it\/de\/wp-json\/wp\/v2\/pages"}],"about":[{"href":"https:\/\/www.hotelbarcarola2.it\/de\/wp-json\/wp\/v2\/types\/page"}],"author":[{"embeddable":true,"href":"https:\/\/www.hotelbarcarola2.it\/de\/wp-json\/wp\/v2\/users\/1"}],"replies":[{"embeddable":true,"href":"https:\/\/www.hotelbarcarola2.it\/de\/wp-json\/wp\/v2\/comments?post=3460"}],"version-history":[{"count":4,"href":"https:\/\/www.hotelbarcarola2.it\/de\/wp-json\/wp\/v2\/pages\/3460\/revisions"}],"predecessor-version":[{"id":3479,"href":"https:\/\/www.hotelbarcarola2.it\/de\/wp-json\/wp\/v2\/pages\/3460\/revisions\/3479"}],"wp:attachment":[{"href":"https:\/\/www.hotelbarcarola2.it\/de\/wp-json\/wp\/v2\/media?parent=3460"}],"curies":[{"name":"wp","href":"https:\/\/api.w.org\/{rel}","templated":true}]}}